{"id":41724,"date":"2025-02-12T11:06:37","date_gmt":"2025-02-12T16:06:37","guid":{"rendered":"https:\/\/taste-it.ca\/?post_type=product&#038;p=41724"},"modified":"2026-04-02T07:51:44","modified_gmt":"2026-04-02T11:51:44","slug":"king-coupery-10ml-par-snake-coils","status":"publish","type":"product","link":"https:\/\/taste-it.ca\/fr\/product\/king-coupery-10ml-par-snake-coils\/","title":{"rendered":"King Coupery (10mL) par Snake Coils"},"content":{"rendered":"<h3><strong>King Coupery<\/strong><\/h3>\n<p>D\u00e9couvrez le go\u00fbt royal de King Coupery : une grenade succulente d\u00e9bordant de saveurs sucr\u00e9es et acidul\u00e9es. Une exp\u00e9rience riche et douce, id\u00e9ale pour ceux qui appr\u00e9cient l&rsquo;essence audacieuse de ce fruit vibrant !<\/p>\n<ul>\n<li><strong>Dosage recommand\u00e9 :<\/strong> ~15% ([&#8230;] 50\/50)<\/li>\n<li><strong>Temps de maturation :<\/strong> 48 heures<\/li>\n<li><strong>Contenance :<\/strong> 10 ml<\/li>\n<\/ul>\n","protected":false},"excerpt":{"rendered":"<p>King Coupery<\/strong><\/h3>\n<p>D\u00e9couvrez le go\u00fbt royal de King Coupery : une grenade succulente d\u00e9bordant de saveurs sucr\u00e9es et acidul\u00e9es.<\/p>\n","protected":false},"featured_media":41676,"comment_status":"open","ping_status":"closed","template":"","meta":[],"product_brand":[],"product_cat":[2157,2164,2731],"product_tag":[2336],"class_list":{"0":"post-41724","1":"product","2":"type-product","3":"status-publish","4":"has-post-thumbnail","6":"product_cat-canadian-fr","7":"product_cat-fruite","8":"product_cat-fruits-tropicaux","9":"product_tag-grenade","10":"yith_product_brand-snake-coils-fr","12":"first","13":"instock","14":"taxable","15":"shipping-taxable","16":"purchasable","17":"product-type-simple"},"_links":{"self":[{"href":"https:\/\/taste-it.ca\/fr\/wp-json\/wp\/v2\/product\/41724","targetHints":{"allow":["GET"]}}],"collection":[{"href":"https:\/\/taste-it.ca\/fr\/wp-json\/wp\/v2\/product"}],"about":[{"href":"https:\/\/taste-it.ca\/fr\/wp-json\/wp\/v2\/types\/product"}],"replies":[{"embeddable":true,"href":"https:\/\/taste-it.ca\/fr\/wp-json\/wp\/v2\/comments?post=41724"}],"wp:featuredmedia":[{"embeddable":true,"href":"https:\/\/taste-it.ca\/fr\/wp-json\/wp\/v2\/media\/41676"}],"wp:attachment":[{"href":"https:\/\/taste-it.ca\/fr\/wp-json\/wp\/v2\/media?parent=41724"}],"wp:term":[{"taxonomy":"product_brand","embeddable":true,"href":"https:\/\/taste-it.ca\/fr\/wp-json\/wp\/v2\/product_brand?post=41724"},{"taxonomy":"product_cat","embeddable":true,"href":"https:\/\/taste-it.ca\/fr\/wp-json\/wp\/v2\/product_cat?post=41724"},{"taxonomy":"product_tag","embeddable":true,"href":"https:\/\/taste-it.ca\/fr\/wp-json\/wp\/v2\/product_tag?post=41724"}],"curies":[{"name":"wp","href":"https:\/\/api.w.org\/{rel}","templated":true}]}}