{"id":40943,"date":"2025-01-15T09:14:27","date_gmt":"2025-01-15T14:14:27","guid":{"rendered":"https:\/\/taste-it.ca\/?post_type=product&#038;p=40943"},"modified":"2025-01-15T09:17:50","modified_gmt":"2025-01-15T14:17:50","slug":"crazy-passionfruit-ice-10ml-par-madman","status":"publish","type":"product","link":"https:\/\/taste-it.ca\/fr\/product\/crazy-passionfruit-ice-10ml-par-madman\/","title":{"rendered":"Crazy Passionfruit Ice (10mL) par Madman"},"content":{"rendered":"<p>Fruit de la passion acidul\u00e9 et sucr\u00e9. Version fra\u00eeche!<\/p>\n","protected":false},"excerpt":{"rendered":"<p>Fruit de la passion acidul\u00e9 et sucr\u00e9. Version fra\u00eeche!<\/p>\n","protected":false},"featured_media":40908,"comment_status":"open","ping_status":"closed","template":"","meta":[],"product_brand":[],"product_cat":[2174,2164,2731],"product_tag":[2483,2306],"class_list":{"0":"post-40943","1":"product","2":"type-product","3":"status-publish","4":"has-post-thumbnail","6":"product_cat-americain","7":"product_cat-fruite","8":"product_cat-fruits-tropicaux","9":"product_tag-fruit-de-la-passion","10":"product_tag-glace","11":"yith_product_brand-mad-man-fr","13":"first","14":"instock","15":"taxable","16":"shipping-taxable","17":"purchasable","18":"product-type-simple"},"_links":{"self":[{"href":"https:\/\/taste-it.ca\/fr\/wp-json\/wp\/v2\/product\/40943","targetHints":{"allow":["GET"]}}],"collection":[{"href":"https:\/\/taste-it.ca\/fr\/wp-json\/wp\/v2\/product"}],"about":[{"href":"https:\/\/taste-it.ca\/fr\/wp-json\/wp\/v2\/types\/product"}],"replies":[{"embeddable":true,"href":"https:\/\/taste-it.ca\/fr\/wp-json\/wp\/v2\/comments?post=40943"}],"wp:featuredmedia":[{"embeddable":true,"href":"https:\/\/taste-it.ca\/fr\/wp-json\/wp\/v2\/media\/40908"}],"wp:attachment":[{"href":"https:\/\/taste-it.ca\/fr\/wp-json\/wp\/v2\/media?parent=40943"}],"wp:term":[{"taxonomy":"product_brand","embeddable":true,"href":"https:\/\/taste-it.ca\/fr\/wp-json\/wp\/v2\/product_brand?post=40943"},{"taxonomy":"product_cat","embeddable":true,"href":"https:\/\/taste-it.ca\/fr\/wp-json\/wp\/v2\/product_cat?post=40943"},{"taxonomy":"product_tag","embeddable":true,"href":"https:\/\/taste-it.ca\/fr\/wp-json\/wp\/v2\/product_tag?post=40943"}],"curies":[{"name":"wp","href":"https:\/\/api.w.org\/{rel}","templated":true}]}}