{"id":40940,"date":"2025-01-15T09:12:21","date_gmt":"2025-01-15T14:12:21","guid":{"rendered":"https:\/\/taste-it.ca\/?post_type=product&#038;p=40940"},"modified":"2025-08-17T05:35:20","modified_gmt":"2025-08-17T09:35:20","slug":"crazy-raspberry-10ml-par-madman","status":"publish","type":"product","link":"https:\/\/taste-it.ca\/fr\/product\/crazy-raspberry-10ml-par-madman\/","title":{"rendered":"Crazy Raspberry (10mL) par Madman"},"content":{"rendered":"<p>La saveur sucr\u00e9e et acidul\u00e9e de framboise bleue avec une touche glac\u00e9e vous fera penser que vous \u00eates mort et que vous \u00eates all\u00e9 au paradis !<\/p>\n","protected":false},"excerpt":{"rendered":"<p>La saveur sucr\u00e9e et acidul\u00e9e de framboise bleue avec une touche glac\u00e9e vous fera penser que vous \u00eates mort et que vous \u00eates all\u00e9 au paradis !<\/p>\n","protected":false},"featured_media":40904,"comment_status":"open","ping_status":"closed","template":"","meta":[],"product_brand":[],"product_cat":[2729,2174,2164],"product_tag":[2417],"class_list":{"0":"post-40940","1":"product","2":"type-product","3":"status-publish","4":"has-post-thumbnail","6":"product_cat-baies","7":"product_cat-americain","8":"product_cat-fruite","9":"product_tag-framboise","10":"yith_product_brand-mad-man-fr","12":"first","13":"instock","14":"taxable","15":"shipping-taxable","16":"purchasable","17":"product-type-simple"},"_links":{"self":[{"href":"https:\/\/taste-it.ca\/fr\/wp-json\/wp\/v2\/product\/40940","targetHints":{"allow":["GET"]}}],"collection":[{"href":"https:\/\/taste-it.ca\/fr\/wp-json\/wp\/v2\/product"}],"about":[{"href":"https:\/\/taste-it.ca\/fr\/wp-json\/wp\/v2\/types\/product"}],"replies":[{"embeddable":true,"href":"https:\/\/taste-it.ca\/fr\/wp-json\/wp\/v2\/comments?post=40940"}],"wp:featuredmedia":[{"embeddable":true,"href":"https:\/\/taste-it.ca\/fr\/wp-json\/wp\/v2\/media\/40904"}],"wp:attachment":[{"href":"https:\/\/taste-it.ca\/fr\/wp-json\/wp\/v2\/media?parent=40940"}],"wp:term":[{"taxonomy":"product_brand","embeddable":true,"href":"https:\/\/taste-it.ca\/fr\/wp-json\/wp\/v2\/product_brand?post=40940"},{"taxonomy":"product_cat","embeddable":true,"href":"https:\/\/taste-it.ca\/fr\/wp-json\/wp\/v2\/product_cat?post=40940"},{"taxonomy":"product_tag","embeddable":true,"href":"https:\/\/taste-it.ca\/fr\/wp-json\/wp\/v2\/product_tag?post=40940"}],"curies":[{"name":"wp","href":"https:\/\/api.w.org\/{rel}","templated":true}]}}