{"id":40936,"date":"2025-01-15T09:08:26","date_gmt":"2025-01-15T14:08:26","guid":{"rendered":"https:\/\/taste-it.ca\/?post_type=product&#038;p=40936"},"modified":"2025-02-05T14:58:42","modified_gmt":"2025-02-05T19:58:42","slug":"twisted-strawberry-lemon-ice-10ml-par-madman","status":"publish","type":"product","link":"https:\/\/taste-it.ca\/fr\/product\/twisted-strawberry-lemon-ice-10ml-par-madman\/","title":{"rendered":"Twisted Strawberry Lemon Ice (10mL) par Madman"},"content":{"rendered":"<p>Votre Crazy Strawberry pr\u00e9f\u00e9r\u00e9e et votre Crazy Lemon prim\u00e9 fusionn\u00e9s dans un superbe rafra\u00eechissement !<\/p>\n","protected":false},"excerpt":{"rendered":"<p>Votre Crazy Strawberry pr\u00e9f\u00e9r\u00e9e et votre Crazy Lemon prim\u00e9 fusionn\u00e9s dans un superbe rafra\u00eechissement !<\/p>\n","protected":false},"featured_media":40900,"comment_status":"open","ping_status":"closed","template":"","meta":[],"product_brand":[],"product_cat":[2729,2174,2162,2164],"product_tag":[2450,2351,2306],"class_list":{"0":"post-40936","1":"product","2":"type-product","3":"status-publish","4":"has-post-thumbnail","6":"product_cat-baies","7":"product_cat-americain","8":"product_cat-frais-glace","9":"product_cat-fruite","10":"product_tag-citron","11":"product_tag-fraise","12":"product_tag-glace","13":"yith_product_brand-mad-man-fr","15":"first","16":"outofstock","17":"taxable","18":"shipping-taxable","19":"purchasable","20":"product-type-simple"},"_links":{"self":[{"href":"https:\/\/taste-it.ca\/fr\/wp-json\/wp\/v2\/product\/40936","targetHints":{"allow":["GET"]}}],"collection":[{"href":"https:\/\/taste-it.ca\/fr\/wp-json\/wp\/v2\/product"}],"about":[{"href":"https:\/\/taste-it.ca\/fr\/wp-json\/wp\/v2\/types\/product"}],"replies":[{"embeddable":true,"href":"https:\/\/taste-it.ca\/fr\/wp-json\/wp\/v2\/comments?post=40936"}],"wp:featuredmedia":[{"embeddable":true,"href":"https:\/\/taste-it.ca\/fr\/wp-json\/wp\/v2\/media\/40900"}],"wp:attachment":[{"href":"https:\/\/taste-it.ca\/fr\/wp-json\/wp\/v2\/media?parent=40936"}],"wp:term":[{"taxonomy":"product_brand","embeddable":true,"href":"https:\/\/taste-it.ca\/fr\/wp-json\/wp\/v2\/product_brand?post=40936"},{"taxonomy":"product_cat","embeddable":true,"href":"https:\/\/taste-it.ca\/fr\/wp-json\/wp\/v2\/product_cat?post=40936"},{"taxonomy":"product_tag","embeddable":true,"href":"https:\/\/taste-it.ca\/fr\/wp-json\/wp\/v2\/product_tag?post=40936"}],"curies":[{"name":"wp","href":"https:\/\/api.w.org\/{rel}","templated":true}]}}