{"id":40933,"date":"2025-01-15T08:55:45","date_gmt":"2025-01-15T13:55:45","guid":{"rendered":"https:\/\/taste-it.ca\/?post_type=product&#038;p=40933"},"modified":"2025-02-05T14:58:42","modified_gmt":"2025-02-05T19:58:42","slug":"crazy-raspberry-ice-10ml-par-madman","status":"publish","type":"product","link":"https:\/\/taste-it.ca\/fr\/product\/crazy-raspberry-ice-10ml-par-madman\/","title":{"rendered":"Crazy Raspberry Ice (10mL) par Madman"},"content":{"rendered":"<p>La saveur sucr\u00e9e et acidul\u00e9e de framboise bleue avec une touche glac\u00e9e vous fera penser que vous \u00eates mort et que vous \u00eates all\u00e9 au paradis !<\/p>\n","protected":false},"excerpt":{"rendered":"<p>La saveur sucr\u00e9e et acidul\u00e9e de framboise bleue avec une touche glac\u00e9e vous fera penser que vous \u00eates mort et que vous \u00eates all\u00e9 au paradis !<\/p>\n","protected":false},"featured_media":40898,"comment_status":"open","ping_status":"closed","template":"","meta":[],"product_brand":[],"product_cat":[2729,2174,2162,2164],"product_tag":[2417,2306],"class_list":{"0":"post-40933","1":"product","2":"type-product","3":"status-publish","4":"has-post-thumbnail","6":"product_cat-baies","7":"product_cat-americain","8":"product_cat-frais-glace","9":"product_cat-fruite","10":"product_tag-framboise","11":"product_tag-glace","12":"yith_product_brand-mad-man-fr","14":"first","15":"outofstock","16":"taxable","17":"shipping-taxable","18":"purchasable","19":"product-type-simple"},"_links":{"self":[{"href":"https:\/\/taste-it.ca\/fr\/wp-json\/wp\/v2\/product\/40933","targetHints":{"allow":["GET"]}}],"collection":[{"href":"https:\/\/taste-it.ca\/fr\/wp-json\/wp\/v2\/product"}],"about":[{"href":"https:\/\/taste-it.ca\/fr\/wp-json\/wp\/v2\/types\/product"}],"replies":[{"embeddable":true,"href":"https:\/\/taste-it.ca\/fr\/wp-json\/wp\/v2\/comments?post=40933"}],"wp:featuredmedia":[{"embeddable":true,"href":"https:\/\/taste-it.ca\/fr\/wp-json\/wp\/v2\/media\/40898"}],"wp:attachment":[{"href":"https:\/\/taste-it.ca\/fr\/wp-json\/wp\/v2\/media?parent=40933"}],"wp:term":[{"taxonomy":"product_brand","embeddable":true,"href":"https:\/\/taste-it.ca\/fr\/wp-json\/wp\/v2\/product_brand?post=40933"},{"taxonomy":"product_cat","embeddable":true,"href":"https:\/\/taste-it.ca\/fr\/wp-json\/wp\/v2\/product_cat?post=40933"},{"taxonomy":"product_tag","embeddable":true,"href":"https:\/\/taste-it.ca\/fr\/wp-json\/wp\/v2\/product_tag?post=40933"}],"curies":[{"name":"wp","href":"https:\/\/api.w.org\/{rel}","templated":true}]}}