{"id":40928,"date":"2025-01-15T08:49:47","date_gmt":"2025-01-15T13:49:47","guid":{"rendered":"https:\/\/taste-it.ca\/?post_type=product&#038;p=40928"},"modified":"2025-01-15T08:53:17","modified_gmt":"2025-01-15T13:53:17","slug":"twisted-pineapple-lemon-mint-10ml-par-madman","status":"publish","type":"product","link":"https:\/\/taste-it.ca\/fr\/product\/twisted-pineapple-lemon-mint-10ml-par-madman\/","title":{"rendered":"Twisted Pineapple Lemon Mint (10mL) par Madman"},"content":{"rendered":"<p>Ananas doux et acidul\u00e9 fusionn\u00e9 avec du citron aigre et une finition menthol\u00e9e.<\/p>\n","protected":false},"excerpt":{"rendered":"<p>Ananas doux et acidul\u00e9 fusionn\u00e9 avec du citron aigre et une finition menthol\u00e9e.<\/p>\n","protected":false},"featured_media":40894,"comment_status":"open","ping_status":"closed","template":"","meta":[],"product_brand":[],"product_cat":[2174,2164,2731],"product_tag":[2330,2450,2409],"class_list":{"0":"post-40928","1":"product","2":"type-product","3":"status-publish","4":"has-post-thumbnail","6":"product_cat-americain","7":"product_cat-fruite","8":"product_cat-fruits-tropicaux","9":"product_tag-ananas","10":"product_tag-citron","11":"product_tag-menthe","12":"yith_product_brand-mad-man-fr","14":"first","15":"instock","16":"taxable","17":"shipping-taxable","18":"purchasable","19":"product-type-simple"},"_links":{"self":[{"href":"https:\/\/taste-it.ca\/fr\/wp-json\/wp\/v2\/product\/40928","targetHints":{"allow":["GET"]}}],"collection":[{"href":"https:\/\/taste-it.ca\/fr\/wp-json\/wp\/v2\/product"}],"about":[{"href":"https:\/\/taste-it.ca\/fr\/wp-json\/wp\/v2\/types\/product"}],"replies":[{"embeddable":true,"href":"https:\/\/taste-it.ca\/fr\/wp-json\/wp\/v2\/comments?post=40928"}],"wp:featuredmedia":[{"embeddable":true,"href":"https:\/\/taste-it.ca\/fr\/wp-json\/wp\/v2\/media\/40894"}],"wp:attachment":[{"href":"https:\/\/taste-it.ca\/fr\/wp-json\/wp\/v2\/media?parent=40928"}],"wp:term":[{"taxonomy":"product_brand","embeddable":true,"href":"https:\/\/taste-it.ca\/fr\/wp-json\/wp\/v2\/product_brand?post=40928"},{"taxonomy":"product_cat","embeddable":true,"href":"https:\/\/taste-it.ca\/fr\/wp-json\/wp\/v2\/product_cat?post=40928"},{"taxonomy":"product_tag","embeddable":true,"href":"https:\/\/taste-it.ca\/fr\/wp-json\/wp\/v2\/product_tag?post=40928"}],"curies":[{"name":"wp","href":"https:\/\/api.w.org\/{rel}","templated":true}]}}