{"id":40914,"date":"2025-01-14T14:13:43","date_gmt":"2025-01-14T19:13:43","guid":{"rendered":"https:\/\/taste-it.ca\/?post_type=product&#038;p=40914"},"modified":"2025-01-20T12:37:19","modified_gmt":"2025-01-20T17:37:19","slug":"twisted-strawberry-lemon-10ml-par-madman","status":"publish","type":"product","link":"https:\/\/taste-it.ca\/fr\/product\/twisted-strawberry-lemon-10ml-par-madman\/","title":{"rendered":"Twisted Strawberry Lemon (10mL) par Madman"},"content":{"rendered":"<p>Votre Crazy Strawberry pr\u00e9f\u00e9r\u00e9e et votre Crazy Lemon prim\u00e9 fusionn\u00e9s dans un superbe rafra\u00eechissement !<\/p>\n","protected":false},"excerpt":{"rendered":"<p>Votre Crazy Strawberry pr\u00e9f\u00e9r\u00e9e et votre Crazy Lemon prim\u00e9 fusionn\u00e9s dans un superbe rafra\u00eechissement !<\/p>\n","protected":false},"featured_media":40884,"comment_status":"open","ping_status":"closed","template":"","meta":[],"product_brand":[],"product_cat":[2729,2174,2164],"product_tag":[2450,2351],"class_list":{"0":"post-40914","1":"product","2":"type-product","3":"status-publish","4":"has-post-thumbnail","6":"product_cat-baies","7":"product_cat-americain","8":"product_cat-fruite","9":"product_tag-citron","10":"product_tag-fraise","11":"yith_product_brand-mad-man-fr","13":"first","14":"instock","15":"taxable","16":"shipping-taxable","17":"purchasable","18":"product-type-simple"},"_links":{"self":[{"href":"https:\/\/taste-it.ca\/fr\/wp-json\/wp\/v2\/product\/40914","targetHints":{"allow":["GET"]}}],"collection":[{"href":"https:\/\/taste-it.ca\/fr\/wp-json\/wp\/v2\/product"}],"about":[{"href":"https:\/\/taste-it.ca\/fr\/wp-json\/wp\/v2\/types\/product"}],"replies":[{"embeddable":true,"href":"https:\/\/taste-it.ca\/fr\/wp-json\/wp\/v2\/comments?post=40914"}],"wp:featuredmedia":[{"embeddable":true,"href":"https:\/\/taste-it.ca\/fr\/wp-json\/wp\/v2\/media\/40884"}],"wp:attachment":[{"href":"https:\/\/taste-it.ca\/fr\/wp-json\/wp\/v2\/media?parent=40914"}],"wp:term":[{"taxonomy":"product_brand","embeddable":true,"href":"https:\/\/taste-it.ca\/fr\/wp-json\/wp\/v2\/product_brand?post=40914"},{"taxonomy":"product_cat","embeddable":true,"href":"https:\/\/taste-it.ca\/fr\/wp-json\/wp\/v2\/product_cat?post=40914"},{"taxonomy":"product_tag","embeddable":true,"href":"https:\/\/taste-it.ca\/fr\/wp-json\/wp\/v2\/product_tag?post=40914"}],"curies":[{"name":"wp","href":"https:\/\/api.w.org\/{rel}","templated":true}]}}