{"id":40912,"date":"2025-01-14T13:54:54","date_gmt":"2025-01-14T18:54:54","guid":{"rendered":"https:\/\/taste-it.ca\/?post_type=product&#038;p=40912"},"modified":"2025-01-14T14:11:12","modified_gmt":"2025-01-14T19:11:12","slug":"crazy-spearmint-ice-10ml-par-madman","status":"publish","type":"product","link":"https:\/\/taste-it.ca\/fr\/product\/crazy-spearmint-ice-10ml-par-madman\/","title":{"rendered":"Crazy Spearmint Ice (10mL) par Madman"},"content":{"rendered":"<p>Une menthe verte douce et rafra\u00eechissante avec une couche suppl\u00e9mentaire de fra\u00eecheur glac\u00e9e.<\/p>\n","protected":false},"excerpt":{"rendered":"<p>Une menthe verte douce et rafra\u00eechissante avec une couche suppl\u00e9mentaire de fra\u00eecheur glac\u00e9e.<\/p>\n","protected":false},"featured_media":40882,"comment_status":"open","ping_status":"closed","template":"","meta":[],"product_brand":[],"product_cat":[2174,2162,2164,2168],"product_tag":[2306,2347],"class_list":{"0":"post-40912","1":"product","2":"type-product","3":"status-publish","4":"has-post-thumbnail","6":"product_cat-americain","7":"product_cat-frais-glace","8":"product_cat-fruite","9":"product_cat-menthe","10":"product_tag-glace","11":"product_tag-menthe-verte","12":"yith_product_brand-mad-man-fr","14":"first","15":"instock","16":"taxable","17":"shipping-taxable","18":"purchasable","19":"product-type-simple"},"_links":{"self":[{"href":"https:\/\/taste-it.ca\/fr\/wp-json\/wp\/v2\/product\/40912","targetHints":{"allow":["GET"]}}],"collection":[{"href":"https:\/\/taste-it.ca\/fr\/wp-json\/wp\/v2\/product"}],"about":[{"href":"https:\/\/taste-it.ca\/fr\/wp-json\/wp\/v2\/types\/product"}],"replies":[{"embeddable":true,"href":"https:\/\/taste-it.ca\/fr\/wp-json\/wp\/v2\/comments?post=40912"}],"wp:featuredmedia":[{"embeddable":true,"href":"https:\/\/taste-it.ca\/fr\/wp-json\/wp\/v2\/media\/40882"}],"wp:attachment":[{"href":"https:\/\/taste-it.ca\/fr\/wp-json\/wp\/v2\/media?parent=40912"}],"wp:term":[{"taxonomy":"product_brand","embeddable":true,"href":"https:\/\/taste-it.ca\/fr\/wp-json\/wp\/v2\/product_brand?post=40912"},{"taxonomy":"product_cat","embeddable":true,"href":"https:\/\/taste-it.ca\/fr\/wp-json\/wp\/v2\/product_cat?post=40912"},{"taxonomy":"product_tag","embeddable":true,"href":"https:\/\/taste-it.ca\/fr\/wp-json\/wp\/v2\/product_tag?post=40912"}],"curies":[{"name":"wp","href":"https:\/\/api.w.org\/{rel}","templated":true}]}}