{"id":40832,"date":"2025-01-07T10:44:08","date_gmt":"2025-01-07T15:44:08","guid":{"rendered":"https:\/\/taste-it.ca\/?post_type=product&#038;p=40832"},"modified":"2025-01-07T10:46:47","modified_gmt":"2025-01-07T15:46:47","slug":"crazy-apple-ice-10ml-par-madman","status":"publish","type":"product","link":"https:\/\/taste-it.ca\/fr\/product\/crazy-apple-ice-10ml-par-madman\/","title":{"rendered":"Crazy Apple Ice (10mL) par Madman"},"content":{"rendered":"<p>Une combinaison sucr\u00e9e et acidul\u00e9e de pommes rouges et vertes juteuses avec une expiration fra\u00eeche et glac\u00e9e.<\/p>\n","protected":false},"excerpt":{"rendered":"<p>Une combinaison sucr\u00e9e et acidul\u00e9e de pommes rouges et vertes juteuses avec une expiration fra\u00eeche et glac\u00e9e.<\/p>\n","protected":false},"featured_media":40834,"comment_status":"open","ping_status":"closed","template":"","meta":[],"product_brand":[],"product_cat":[2174,2162,2164],"product_tag":[2306,2197,2396],"class_list":{"0":"post-40832","1":"product","2":"type-product","3":"status-publish","4":"has-post-thumbnail","6":"product_cat-americain","7":"product_cat-frais-glace","8":"product_cat-fruite","9":"product_tag-glace","10":"product_tag-pomme","11":"product_tag-pomme-verte","12":"yith_product_brand-mad-man-fr","14":"first","15":"instock","16":"taxable","17":"shipping-taxable","18":"purchasable","19":"product-type-simple"},"_links":{"self":[{"href":"https:\/\/taste-it.ca\/fr\/wp-json\/wp\/v2\/product\/40832","targetHints":{"allow":["GET"]}}],"collection":[{"href":"https:\/\/taste-it.ca\/fr\/wp-json\/wp\/v2\/product"}],"about":[{"href":"https:\/\/taste-it.ca\/fr\/wp-json\/wp\/v2\/types\/product"}],"replies":[{"embeddable":true,"href":"https:\/\/taste-it.ca\/fr\/wp-json\/wp\/v2\/comments?post=40832"}],"wp:featuredmedia":[{"embeddable":true,"href":"https:\/\/taste-it.ca\/fr\/wp-json\/wp\/v2\/media\/40834"}],"wp:attachment":[{"href":"https:\/\/taste-it.ca\/fr\/wp-json\/wp\/v2\/media?parent=40832"}],"wp:term":[{"taxonomy":"product_brand","embeddable":true,"href":"https:\/\/taste-it.ca\/fr\/wp-json\/wp\/v2\/product_brand?post=40832"},{"taxonomy":"product_cat","embeddable":true,"href":"https:\/\/taste-it.ca\/fr\/wp-json\/wp\/v2\/product_cat?post=40832"},{"taxonomy":"product_tag","embeddable":true,"href":"https:\/\/taste-it.ca\/fr\/wp-json\/wp\/v2\/product_tag?post=40832"}],"curies":[{"name":"wp","href":"https:\/\/api.w.org\/{rel}","templated":true}]}}