{"id":40473,"date":"2024-10-25T09:11:09","date_gmt":"2024-10-25T13:11:09","guid":{"rendered":"https:\/\/taste-it.ca\/?post_type=product&#038;p=40473"},"modified":"2025-08-20T07:50:11","modified_gmt":"2025-08-20T11:50:11","slug":"stubbs-tangy-bbq-sunflower-seeds-par-bigs-copy-2","status":"publish","type":"product","link":"https:\/\/taste-it.ca\/fr\/product\/stubbs-tangy-bbq-sunflower-seeds-par-bigs-copy-2\/","title":{"rendered":"Takis Fuego Sunflower Seeds par Bigs"},"content":{"rendered":"<p>Fabriqu\u00e9es en collaboration avec Takis, ces graines de tournesol grill\u00e9es au feu et non-OGM sont enrob\u00e9es des saveurs d\u00e9licieusement classiques du Takis Fuego Hot Chili &#038; Lime. Attention, c&rsquo;est comme manger des flammes !<\/p>\n<p>Un en-cas parfait pour toutes les occasions et pour tous (compatible Keto, casher, faible en glucides).<\/p>\n<ul>\n<li>Les graines de tournesol sont cultiv\u00e9es aux \u00c9tats-Unis<\/li>\n<li>Casher<\/li>\n<\/ul>\n<p>Poids unitaire : 152 g<\/p>\n","protected":false},"excerpt":{"rendered":"<p>Fait-il chaud ici, ou est-ce juste nous ? Ah, attendez\u2014c&rsquo;est simplement la chaleur des graines de tournesol Takis Fuego. Succombez \u00e0 la br\u00fblure avec une explosion savoureuse de piment fort et de citron vert dans chaque graine.<\/p>\n","protected":false},"featured_media":40475,"comment_status":"open","ping_status":"closed","template":"","meta":[],"product_brand":[],"product_cat":[2856],"product_tag":[2310,2936,2372],"class_list":{"0":"post-40473","1":"product","2":"type-product","3":"status-publish","4":"has-post-thumbnail","6":"product_cat-noix","7":"product_tag-citron-vert-fr","8":"product_tag-graine-de-tournesol","9":"product_tag-piment-rouge","10":"yith_product_brand-bigs-fr","12":"first","13":"outofstock","14":"taxable","15":"shipping-taxable","16":"purchasable","17":"product-type-simple"},"_links":{"self":[{"href":"https:\/\/taste-it.ca\/fr\/wp-json\/wp\/v2\/product\/40473","targetHints":{"allow":["GET"]}}],"collection":[{"href":"https:\/\/taste-it.ca\/fr\/wp-json\/wp\/v2\/product"}],"about":[{"href":"https:\/\/taste-it.ca\/fr\/wp-json\/wp\/v2\/types\/product"}],"replies":[{"embeddable":true,"href":"https:\/\/taste-it.ca\/fr\/wp-json\/wp\/v2\/comments?post=40473"}],"wp:featuredmedia":[{"embeddable":true,"href":"https:\/\/taste-it.ca\/fr\/wp-json\/wp\/v2\/media\/40475"}],"wp:attachment":[{"href":"https:\/\/taste-it.ca\/fr\/wp-json\/wp\/v2\/media?parent=40473"}],"wp:term":[{"taxonomy":"product_brand","embeddable":true,"href":"https:\/\/taste-it.ca\/fr\/wp-json\/wp\/v2\/product_brand?post=40473"},{"taxonomy":"product_cat","embeddable":true,"href":"https:\/\/taste-it.ca\/fr\/wp-json\/wp\/v2\/product_cat?post=40473"},{"taxonomy":"product_tag","embeddable":true,"href":"https:\/\/taste-it.ca\/fr\/wp-json\/wp\/v2\/product_tag?post=40473"}],"curies":[{"name":"wp","href":"https:\/\/api.w.org\/{rel}","templated":true}]}}