{"id":40469,"date":"2024-10-25T09:05:38","date_gmt":"2024-10-25T13:05:38","guid":{"rendered":"https:\/\/taste-it.ca\/?post_type=product&#038;p=40469"},"modified":"2024-10-25T09:10:22","modified_gmt":"2024-10-25T13:10:22","slug":"stubbs-tangy-bbq-sunflower-seeds-par-bigs-copy","status":"publish","type":"product","link":"https:\/\/taste-it.ca\/fr\/product\/stubbs-tangy-bbq-sunflower-seeds-par-bigs-copy\/","title":{"rendered":"Taco Bell Taco Supreme Sunflower Seeds par Bigs"},"content":{"rendered":"<p>Fabriqu\u00e9es en collaboration avec Taco Bell, ces graines de tournesol grill\u00e9es au feu et non-OGM sont assaisonn\u00e9es avec les saveurs classiques et audacieuses du c\u00e9l\u00e8bre Taco Supreme !<\/p>\n<p>Un en-cas parfait pour toutes les occasions et pour tous (compatible Keto, casher, faible en glucides).<\/p>\n<p>Les graines de tournesol sont cultiv\u00e9es aux \u00c9tats-Unis.<br \/>\nCasher.<\/p>\n<p>Poids unitaire : 152 g<\/p>\n","protected":false},"excerpt":{"rendered":"<p>Imagine a world where you can savor the big, bold flavor of Taco Bell\u00ae anytime, anywhere. Now, stop imagining, because your taco-loving dreams have just become a reality. Introducing the new Taco Bell\u00ae Taco Supreme\u00ae flavored sunflower seeds from BIGS\u00ae. Simply crack open these delicious seeds as if you were biting into a crispy taco shell, and let the \u201cLive M\u00e1s\u2122\u201d flavor you know and love explode on your taste buds. Pinch yourself, folks. This is real.<\/p>\n","protected":false},"featured_media":40471,"comment_status":"open","ping_status":"closed","template":"","meta":[],"product_brand":[],"product_cat":[2856],"product_tag":[2936,2939],"class_list":{"0":"post-40469","1":"product","2":"type-product","3":"status-publish","4":"has-post-thumbnail","6":"product_cat-noix","7":"product_tag-graine-de-tournesol","8":"product_tag-taco-fr","9":"yith_product_brand-bigs-fr","11":"first","12":"instock","13":"taxable","14":"shipping-taxable","15":"purchasable","16":"product-type-simple"},"_links":{"self":[{"href":"https:\/\/taste-it.ca\/fr\/wp-json\/wp\/v2\/product\/40469","targetHints":{"allow":["GET"]}}],"collection":[{"href":"https:\/\/taste-it.ca\/fr\/wp-json\/wp\/v2\/product"}],"about":[{"href":"https:\/\/taste-it.ca\/fr\/wp-json\/wp\/v2\/types\/product"}],"replies":[{"embeddable":true,"href":"https:\/\/taste-it.ca\/fr\/wp-json\/wp\/v2\/comments?post=40469"}],"wp:featuredmedia":[{"embeddable":true,"href":"https:\/\/taste-it.ca\/fr\/wp-json\/wp\/v2\/media\/40471"}],"wp:attachment":[{"href":"https:\/\/taste-it.ca\/fr\/wp-json\/wp\/v2\/media?parent=40469"}],"wp:term":[{"taxonomy":"product_brand","embeddable":true,"href":"https:\/\/taste-it.ca\/fr\/wp-json\/wp\/v2\/product_brand?post=40469"},{"taxonomy":"product_cat","embeddable":true,"href":"https:\/\/taste-it.ca\/fr\/wp-json\/wp\/v2\/product_cat?post=40469"},{"taxonomy":"product_tag","embeddable":true,"href":"https:\/\/taste-it.ca\/fr\/wp-json\/wp\/v2\/product_tag?post=40469"}],"curies":[{"name":"wp","href":"https:\/\/api.w.org\/{rel}","templated":true}]}}