{"id":40467,"date":"2024-10-25T08:40:52","date_gmt":"2024-10-25T12:40:52","guid":{"rendered":"https:\/\/taste-it.ca\/product\/stubbs-tangy-bbq-sunflower-seeds-par-bigs\/"},"modified":"2026-03-31T19:11:40","modified_gmt":"2026-03-31T23:11:40","slug":"stubbs-tangy-bbq-sunflower-seeds-par-bigs","status":"publish","type":"product","link":"https:\/\/taste-it.ca\/fr\/product\/stubbs-tangy-bbq-sunflower-seeds-par-bigs\/","title":{"rendered":"Stubb&rsquo;s Tangy BBQ Sunflower Seeds par Bigs"},"content":{"rendered":"<p>Comptez sur nous pour garder les choses irr\u00e9sistiblement savoureuses. Nous nous sommes associ\u00e9s aux l\u00e9gendaires ma\u00eetres du grill de Stubb\u2019s pour vous offrir des graines de tournesol premium au go\u00fbt BBQ, infus\u00e9es de la douceur riche et acidul\u00e9e de leur sauce bar-b-q embl\u00e9matique. Le r\u00e9sultat ? Une perfection au style sudiste \u2014 100 % d\u00e9licieusement r\u00e9ussie.<\/p>\n<p>Poids unitaire : 152 g<\/p>\n","protected":false},"excerpt":{"rendered":"<p>Comptez sur nous pour toujours garder les choses savoureuses. Nous nous sommes associ\u00e9s aux ma\u00eetres du grill de Stubb\u2019s pour vous proposer des graines de tournesol premium au go\u00fbt BBQ, avec la saveur sucr\u00e9e et acidul\u00e9e de leur l\u00e9gendaire sauce bar-b-q. Le r\u00e9sultat ? Une perfection au style sudiste \u2014 100 % parfaitement ma\u00eetris\u00e9e.<\/p>\n","protected":false},"featured_media":40466,"comment_status":"open","ping_status":"closed","template":"","meta":[],"product_brand":[],"product_cat":[2856],"product_tag":[2937,2936],"class_list":{"0":"post-40467","1":"product","2":"type-product","3":"status-publish","4":"has-post-thumbnail","6":"product_cat-noix","7":"product_tag-barbecue-fr","8":"product_tag-graine-de-tournesol","9":"yith_product_brand-bigs-fr","11":"first","12":"instock","13":"taxable","14":"shipping-taxable","15":"purchasable","16":"product-type-simple"},"_links":{"self":[{"href":"https:\/\/taste-it.ca\/fr\/wp-json\/wp\/v2\/product\/40467","targetHints":{"allow":["GET"]}}],"collection":[{"href":"https:\/\/taste-it.ca\/fr\/wp-json\/wp\/v2\/product"}],"about":[{"href":"https:\/\/taste-it.ca\/fr\/wp-json\/wp\/v2\/types\/product"}],"replies":[{"embeddable":true,"href":"https:\/\/taste-it.ca\/fr\/wp-json\/wp\/v2\/comments?post=40467"}],"wp:featuredmedia":[{"embeddable":true,"href":"https:\/\/taste-it.ca\/fr\/wp-json\/wp\/v2\/media\/40466"}],"wp:attachment":[{"href":"https:\/\/taste-it.ca\/fr\/wp-json\/wp\/v2\/media?parent=40467"}],"wp:term":[{"taxonomy":"product_brand","embeddable":true,"href":"https:\/\/taste-it.ca\/fr\/wp-json\/wp\/v2\/product_brand?post=40467"},{"taxonomy":"product_cat","embeddable":true,"href":"https:\/\/taste-it.ca\/fr\/wp-json\/wp\/v2\/product_cat?post=40467"},{"taxonomy":"product_tag","embeddable":true,"href":"https:\/\/taste-it.ca\/fr\/wp-json\/wp\/v2\/product_tag?post=40467"}],"curies":[{"name":"wp","href":"https:\/\/api.w.org\/{rel}","templated":true}]}}