{"id":40447,"date":"2024-10-24T10:27:06","date_gmt":"2024-10-24T14:27:06","guid":{"rendered":"https:\/\/taste-it.ca\/?post_type=product&#038;p=40447"},"modified":"2025-09-01T00:05:17","modified_gmt":"2025-09-01T04:05:17","slug":"soda-twist-zng-par-haribo-copy","status":"publish","type":"product","link":"https:\/\/taste-it.ca\/fr\/product\/soda-twist-zng-par-haribo-copy\/","title":{"rendered":"Bubblegum Bottles Z!ng par Haribo"},"content":{"rendered":"<p>Ingr\u00e9dients<\/p>\n<p>Sirop de glucose, sucre, g\u00e9latine, dextrose, acides : acide citrique, acide malique, r\u00e9gulateurs d&rsquo;acidit\u00e9 : citrates de calcium, hydrog\u00e9nomalate de sodium, ar\u00f4me, concentr\u00e9s de fruits et de plantes : pomme, aronia, cassis, sureau, raisin, spiruline, extrait de sureau, agent de gla\u00e7age : cire de carnauba.<\/p>\n<h2>Nutritional Information<\/h2>\n<table>\n<tbody>\n<tr>\n<th><\/th>\n<th>per 100 g<\/th>\n<th>RI* per portion (25 g)<\/th>\n<\/tr>\n<tr>\n<th>Energy:<\/th>\n<td>1 472 kJ\/346 kcal<\/td>\n<td>4 %<\/td>\n<\/tr>\n<tr>\n<th>Fat:<\/th>\n<td>&lt;0.5 g<\/td>\n<td>&lt;1 %<\/td>\n<\/tr>\n<tr>\n<th>of which saturates:<\/th>\n<td>0.1 g<\/td>\n<td>&lt;1 %<\/td>\n<\/tr>\n<tr>\n<th>Carbohydrate:<\/th>\n<td>80 g<\/td>\n<td>8 %<\/td>\n<\/tr>\n<tr>\n<th>of which sugars:<\/th>\n<td>50 g<\/td>\n<td>14 %<\/td>\n<\/tr>\n<tr>\n<th>Protein:<\/th>\n<td>6.6 g<\/td>\n<td>3 %<\/td>\n<\/tr>\n<tr>\n<th>Salt:<\/th>\n<td>0.03 g<\/td>\n<td>&lt;1 %<\/td>\n<\/tr>\n<tr>\n<th colspan=\"3\">RI* = Reference intake per day<\/th>\n<\/tr>\n<tr>\n<th colspan=\"3\">Reference intake of an average adult (8 400 kJ\/2 000 kcal)<\/th>\n<\/tr>\n<\/tbody>\n<\/table>\n<\/div>\n<\/div>\n<\/div>\n<\/div>\n<p>Unitary Weight: 170 g<\/p>\n","protected":false},"excerpt":{"rendered":"<p>Ces bonbons Airheads Bites moelleux et tendres au d\u00e9licieux go\u00fbt de framboise bleue sont savoureux et d\u00e9bordent de saveur.<\/p>\n","protected":false},"featured_media":40449,"comment_status":"open","ping_status":"closed","template":"","meta":[],"product_brand":[],"product_cat":[2840,2920],"product_tag":[2926,2929,2217,2930,2197,2927,2928],"class_list":{"0":"post-40447","1":"product","2":"type-product","3":"status-publish","4":"has-post-thumbnail","6":"product_cat-bonbon","7":"product_cat-liquidation","8":"product_tag-aronia-fr","9":"product_tag-baies-de-sureau","10":"product_tag-cassis","11":"product_tag-glacage","12":"product_tag-pomme","13":"product_tag-raisin-de-sureau","14":"product_tag-spiruline","15":"yith_product_brand-haribo-fr","17":"first","18":"outofstock","19":"taxable","20":"shipping-taxable","21":"purchasable","22":"product-type-simple"},"_links":{"self":[{"href":"https:\/\/taste-it.ca\/fr\/wp-json\/wp\/v2\/product\/40447","targetHints":{"allow":["GET"]}}],"collection":[{"href":"https:\/\/taste-it.ca\/fr\/wp-json\/wp\/v2\/product"}],"about":[{"href":"https:\/\/taste-it.ca\/fr\/wp-json\/wp\/v2\/types\/product"}],"replies":[{"embeddable":true,"href":"https:\/\/taste-it.ca\/fr\/wp-json\/wp\/v2\/comments?post=40447"}],"wp:featuredmedia":[{"embeddable":true,"href":"https:\/\/taste-it.ca\/fr\/wp-json\/wp\/v2\/media\/40449"}],"wp:attachment":[{"href":"https:\/\/taste-it.ca\/fr\/wp-json\/wp\/v2\/media?parent=40447"}],"wp:term":[{"taxonomy":"product_brand","embeddable":true,"href":"https:\/\/taste-it.ca\/fr\/wp-json\/wp\/v2\/product_brand?post=40447"},{"taxonomy":"product_cat","embeddable":true,"href":"https:\/\/taste-it.ca\/fr\/wp-json\/wp\/v2\/product_cat?post=40447"},{"taxonomy":"product_tag","embeddable":true,"href":"https:\/\/taste-it.ca\/fr\/wp-json\/wp\/v2\/product_tag?post=40447"}],"curies":[{"name":"wp","href":"https:\/\/api.w.org\/{rel}","templated":true}]}}