{"id":40443,"date":"2024-10-24T09:35:07","date_gmt":"2024-10-24T13:35:07","guid":{"rendered":"https:\/\/taste-it.ca\/product\/soda-twist-zng-par-haribo\/"},"modified":"2025-09-02T00:05:23","modified_gmt":"2025-09-02T04:05:23","slug":"soda-twist-zng-par-haribo","status":"publish","type":"product","link":"https:\/\/taste-it.ca\/fr\/product\/soda-twist-zng-par-haribo\/","title":{"rendered":"Soda Twist Z!ng par Haribo"},"content":{"rendered":"<p>Soda Twist Zing contient un m\u00e9lange rafra\u00eechissant de saveurs de soda en forme de bouteille avec une touche acidul\u00e9e ! Les d\u00e9licieuses saveurs incluent Rhubarbe &#038; Limonade, Cola Cerise et Appleade \u00e0 la Fraise.<\/p>\n<p>Poids unitaire : 170 g<\/p>\n","protected":false},"excerpt":{"rendered":"<p>Ces Airheads Bites tendres et moelleux \u00e0 la d\u00e9licieuse saveur de Framboise Bleue sont savoureux et d\u00e9bordent de go\u00fbt.<\/p>\n","protected":false},"featured_media":40442,"comment_status":"open","ping_status":"closed","template":"","meta":[],"product_brand":[],"product_cat":[2840,2920],"product_tag":[2918,2255,2259,2351,2308,2917],"class_list":{"0":"post-40443","1":"product","2":"type-product","3":"status-publish","4":"has-post-thumbnail","6":"product_cat-bonbon","7":"product_cat-liquidation","8":"product_tag-appleade-fr","9":"product_tag-cerise","10":"product_tag-cola-fr","11":"product_tag-fraise","12":"product_tag-limonade","13":"product_tag-rhubarbe","14":"yith_product_brand-haribo-fr","16":"first","17":"outofstock","18":"taxable","19":"shipping-taxable","20":"purchasable","21":"product-type-simple"},"_links":{"self":[{"href":"https:\/\/taste-it.ca\/fr\/wp-json\/wp\/v2\/product\/40443","targetHints":{"allow":["GET"]}}],"collection":[{"href":"https:\/\/taste-it.ca\/fr\/wp-json\/wp\/v2\/product"}],"about":[{"href":"https:\/\/taste-it.ca\/fr\/wp-json\/wp\/v2\/types\/product"}],"replies":[{"embeddable":true,"href":"https:\/\/taste-it.ca\/fr\/wp-json\/wp\/v2\/comments?post=40443"}],"wp:featuredmedia":[{"embeddable":true,"href":"https:\/\/taste-it.ca\/fr\/wp-json\/wp\/v2\/media\/40442"}],"wp:attachment":[{"href":"https:\/\/taste-it.ca\/fr\/wp-json\/wp\/v2\/media?parent=40443"}],"wp:term":[{"taxonomy":"product_brand","embeddable":true,"href":"https:\/\/taste-it.ca\/fr\/wp-json\/wp\/v2\/product_brand?post=40443"},{"taxonomy":"product_cat","embeddable":true,"href":"https:\/\/taste-it.ca\/fr\/wp-json\/wp\/v2\/product_cat?post=40443"},{"taxonomy":"product_tag","embeddable":true,"href":"https:\/\/taste-it.ca\/fr\/wp-json\/wp\/v2\/product_tag?post=40443"}],"curies":[{"name":"wp","href":"https:\/\/api.w.org\/{rel}","templated":true}]}}