{"id":38620,"date":"2024-01-24T13:41:31","date_gmt":"2024-01-24T18:41:31","guid":{"rendered":"https:\/\/taste-it.ca\/?post_type=product&#038;p=38620"},"modified":"2024-06-27T15:11:51","modified_gmt":"2024-06-27T19:11:51","slug":"twisted-apple-kiwi-ice-10ml-par-madman","status":"publish","type":"product","link":"https:\/\/taste-it.ca\/fr\/product\/twisted-apple-kiwi-ice-10ml-par-madman\/","title":{"rendered":"Twisted Apple Kiwi Ice (10mL) par Madman"},"content":{"rendered":"<p>Des pommes sucr\u00e9es juteuses et des kiwis acidul\u00e9s avec une finale glac\u00e9e !<\/p>\n","protected":false},"excerpt":{"rendered":"<p>Des pommes sucr\u00e9es juteuses et des kiwis acidul\u00e9s avec une finale glac\u00e9e !<\/p>\n","protected":false},"featured_media":38583,"comment_status":"open","ping_status":"closed","template":"","meta":[],"product_brand":[],"product_cat":[2727,2174,2162,2164],"product_tag":[2306,2447,2197],"class_list":{"0":"post-38620","1":"product","2":"type-product","3":"status-publish","4":"has-post-thumbnail","6":"product_cat-agrumes","7":"product_cat-americain","8":"product_cat-frais-glace","9":"product_cat-fruite","10":"product_tag-glace","11":"product_tag-kiwi-fr","12":"product_tag-pomme","13":"yith_product_brand-mad-man-fr","15":"first","16":"instock","17":"taxable","18":"shipping-taxable","19":"purchasable","20":"product-type-simple"},"_links":{"self":[{"href":"https:\/\/taste-it.ca\/fr\/wp-json\/wp\/v2\/product\/38620","targetHints":{"allow":["GET"]}}],"collection":[{"href":"https:\/\/taste-it.ca\/fr\/wp-json\/wp\/v2\/product"}],"about":[{"href":"https:\/\/taste-it.ca\/fr\/wp-json\/wp\/v2\/types\/product"}],"replies":[{"embeddable":true,"href":"https:\/\/taste-it.ca\/fr\/wp-json\/wp\/v2\/comments?post=38620"}],"wp:featuredmedia":[{"embeddable":true,"href":"https:\/\/taste-it.ca\/fr\/wp-json\/wp\/v2\/media\/38583"}],"wp:attachment":[{"href":"https:\/\/taste-it.ca\/fr\/wp-json\/wp\/v2\/media?parent=38620"}],"wp:term":[{"taxonomy":"product_brand","embeddable":true,"href":"https:\/\/taste-it.ca\/fr\/wp-json\/wp\/v2\/product_brand?post=38620"},{"taxonomy":"product_cat","embeddable":true,"href":"https:\/\/taste-it.ca\/fr\/wp-json\/wp\/v2\/product_cat?post=38620"},{"taxonomy":"product_tag","embeddable":true,"href":"https:\/\/taste-it.ca\/fr\/wp-json\/wp\/v2\/product_tag?post=38620"}],"curies":[{"name":"wp","href":"https:\/\/api.w.org\/{rel}","templated":true}]}}