{"id":38616,"date":"2024-01-24T13:27:53","date_gmt":"2024-01-24T18:27:53","guid":{"rendered":"https:\/\/taste-it.ca\/?post_type=product&#038;p=38616"},"modified":"2026-04-12T11:33:19","modified_gmt":"2026-04-12T15:33:19","slug":"twisted-pineapple-lemon-mint-ice-10ml-par-madman","status":"publish","type":"product","link":"https:\/\/taste-it.ca\/fr\/product\/twisted-pineapple-lemon-mint-ice-10ml-par-madman\/","title":{"rendered":"Twisted Pineapple Lemon Mint Ice (10mL) par Madman"},"content":{"rendered":"<p>Ananas acidul\u00e9 sucr\u00e9 fusionn\u00e9 avec du citron aigre avec une finition glac\u00e9e!<\/p>\n","protected":false},"excerpt":{"rendered":"<p>Ananas acidul\u00e9 sucr\u00e9 fusionn\u00e9 avec du citron aigre avec une finition glac\u00e9e!<\/p>\n","protected":false},"featured_media":38577,"comment_status":"open","ping_status":"closed","template":"","meta":[],"product_brand":[],"product_cat":[2727,2174,2162,2164,2731,2168],"product_tag":[2330,2450,2306,2409],"class_list":{"0":"post-38616","1":"product","2":"type-product","3":"status-publish","4":"has-post-thumbnail","6":"product_cat-agrumes","7":"product_cat-americain","8":"product_cat-frais-glace","9":"product_cat-fruite","10":"product_cat-fruits-tropicaux","11":"product_cat-menthe","12":"product_tag-ananas","13":"product_tag-citron","14":"product_tag-glace","15":"product_tag-menthe","16":"yith_product_brand-mad-man-fr","18":"first","19":"instock","20":"taxable","21":"shipping-taxable","22":"purchasable","23":"product-type-simple"},"_links":{"self":[{"href":"https:\/\/taste-it.ca\/fr\/wp-json\/wp\/v2\/product\/38616","targetHints":{"allow":["GET"]}}],"collection":[{"href":"https:\/\/taste-it.ca\/fr\/wp-json\/wp\/v2\/product"}],"about":[{"href":"https:\/\/taste-it.ca\/fr\/wp-json\/wp\/v2\/types\/product"}],"replies":[{"embeddable":true,"href":"https:\/\/taste-it.ca\/fr\/wp-json\/wp\/v2\/comments?post=38616"}],"wp:featuredmedia":[{"embeddable":true,"href":"https:\/\/taste-it.ca\/fr\/wp-json\/wp\/v2\/media\/38577"}],"wp:attachment":[{"href":"https:\/\/taste-it.ca\/fr\/wp-json\/wp\/v2\/media?parent=38616"}],"wp:term":[{"taxonomy":"product_brand","embeddable":true,"href":"https:\/\/taste-it.ca\/fr\/wp-json\/wp\/v2\/product_brand?post=38616"},{"taxonomy":"product_cat","embeddable":true,"href":"https:\/\/taste-it.ca\/fr\/wp-json\/wp\/v2\/product_cat?post=38616"},{"taxonomy":"product_tag","embeddable":true,"href":"https:\/\/taste-it.ca\/fr\/wp-json\/wp\/v2\/product_tag?post=38616"}],"curies":[{"name":"wp","href":"https:\/\/api.w.org\/{rel}","templated":true}]}}