{"id":38613,"date":"2024-01-24T13:16:34","date_gmt":"2024-01-24T18:16:34","guid":{"rendered":"https:\/\/taste-it.ca\/?post_type=product&#038;p=38613"},"modified":"2025-02-13T19:35:49","modified_gmt":"2025-02-14T00:35:49","slug":"twisted-strawberry-grape-ice-10ml-par-madman","status":"publish","type":"product","link":"https:\/\/taste-it.ca\/fr\/product\/twisted-strawberry-grape-ice-10ml-par-madman\/","title":{"rendered":"Twisted Strawberry Grape Ice (10mL) par Madman"},"content":{"rendered":"<p>Un tourbillon de fraise sucr\u00e9e et de raisin acidul\u00e9 avec une expiration fra\u00eeche et glac\u00e9e.<\/p>\n","protected":false},"excerpt":{"rendered":"<p>Un tourbillon de fraise sucr\u00e9e et de raisin acidul\u00e9 avec une expiration fra\u00eeche et glac\u00e9e.<\/p>\n","protected":false},"featured_media":38581,"comment_status":"open","ping_status":"closed","template":"","meta":[],"product_brand":[],"product_cat":[2729,2174,2162,2164],"product_tag":[2351,2306,2392],"class_list":{"0":"post-38613","1":"product","2":"type-product","3":"status-publish","4":"has-post-thumbnail","6":"product_cat-baies","7":"product_cat-americain","8":"product_cat-frais-glace","9":"product_cat-fruite","10":"product_tag-fraise","11":"product_tag-glace","12":"product_tag-raisin","13":"yith_product_brand-mad-man-fr","15":"first","16":"instock","17":"taxable","18":"shipping-taxable","19":"purchasable","20":"product-type-simple"},"_links":{"self":[{"href":"https:\/\/taste-it.ca\/fr\/wp-json\/wp\/v2\/product\/38613","targetHints":{"allow":["GET"]}}],"collection":[{"href":"https:\/\/taste-it.ca\/fr\/wp-json\/wp\/v2\/product"}],"about":[{"href":"https:\/\/taste-it.ca\/fr\/wp-json\/wp\/v2\/types\/product"}],"replies":[{"embeddable":true,"href":"https:\/\/taste-it.ca\/fr\/wp-json\/wp\/v2\/comments?post=38613"}],"wp:featuredmedia":[{"embeddable":true,"href":"https:\/\/taste-it.ca\/fr\/wp-json\/wp\/v2\/media\/38581"}],"wp:attachment":[{"href":"https:\/\/taste-it.ca\/fr\/wp-json\/wp\/v2\/media?parent=38613"}],"wp:term":[{"taxonomy":"product_brand","embeddable":true,"href":"https:\/\/taste-it.ca\/fr\/wp-json\/wp\/v2\/product_brand?post=38613"},{"taxonomy":"product_cat","embeddable":true,"href":"https:\/\/taste-it.ca\/fr\/wp-json\/wp\/v2\/product_cat?post=38613"},{"taxonomy":"product_tag","embeddable":true,"href":"https:\/\/taste-it.ca\/fr\/wp-json\/wp\/v2\/product_tag?post=38613"}],"curies":[{"name":"wp","href":"https:\/\/api.w.org\/{rel}","templated":true}]}}