{"id":38609,"date":"2024-01-24T13:10:38","date_gmt":"2024-01-24T18:10:38","guid":{"rendered":"https:\/\/taste-it.ca\/?post_type=product&#038;p=38609"},"modified":"2025-12-16T12:17:28","modified_gmt":"2025-12-16T17:17:28","slug":"twisted-grape-berry-10ml-par-madman","status":"publish","type":"product","link":"https:\/\/taste-it.ca\/fr\/product\/twisted-grape-berry-10ml-par-madman\/","title":{"rendered":"Twisted Grape Berry (10mL) par Madman"},"content":{"rendered":"<p>Un d\u00e9licieux m\u00e9lange de raisins juteux, de myrtilles sucr\u00e9es et de framboises acidul\u00e9es!<\/p>\n","protected":false},"excerpt":{"rendered":"<p>Un d\u00e9licieux m\u00e9lange de raisins juteux, de myrtilles sucr\u00e9es et de framboises acidul\u00e9es!<\/p>\n","protected":false},"featured_media":38569,"comment_status":"open","ping_status":"closed","template":"","meta":[],"product_brand":[],"product_cat":[2729,2174,2164],"product_tag":[2211,2392],"class_list":{"0":"post-38609","1":"product","2":"type-product","3":"status-publish","4":"has-post-thumbnail","6":"product_cat-baies","7":"product_cat-americain","8":"product_cat-fruite","9":"product_tag-baies","10":"product_tag-raisin","11":"yith_product_brand-mad-man-fr","13":"first","14":"instock","15":"taxable","16":"shipping-taxable","17":"purchasable","18":"product-type-simple"},"_links":{"self":[{"href":"https:\/\/taste-it.ca\/fr\/wp-json\/wp\/v2\/product\/38609","targetHints":{"allow":["GET"]}}],"collection":[{"href":"https:\/\/taste-it.ca\/fr\/wp-json\/wp\/v2\/product"}],"about":[{"href":"https:\/\/taste-it.ca\/fr\/wp-json\/wp\/v2\/types\/product"}],"replies":[{"embeddable":true,"href":"https:\/\/taste-it.ca\/fr\/wp-json\/wp\/v2\/comments?post=38609"}],"wp:featuredmedia":[{"embeddable":true,"href":"https:\/\/taste-it.ca\/fr\/wp-json\/wp\/v2\/media\/38569"}],"wp:attachment":[{"href":"https:\/\/taste-it.ca\/fr\/wp-json\/wp\/v2\/media?parent=38609"}],"wp:term":[{"taxonomy":"product_brand","embeddable":true,"href":"https:\/\/taste-it.ca\/fr\/wp-json\/wp\/v2\/product_brand?post=38609"},{"taxonomy":"product_cat","embeddable":true,"href":"https:\/\/taste-it.ca\/fr\/wp-json\/wp\/v2\/product_cat?post=38609"},{"taxonomy":"product_tag","embeddable":true,"href":"https:\/\/taste-it.ca\/fr\/wp-json\/wp\/v2\/product_tag?post=38609"}],"curies":[{"name":"wp","href":"https:\/\/api.w.org\/{rel}","templated":true}]}}