{"id":38599,"date":"2024-01-24T12:48:16","date_gmt":"2024-01-24T17:48:16","guid":{"rendered":"https:\/\/taste-it.ca\/?post_type=product&#038;p=38599"},"modified":"2025-02-14T20:19:13","modified_gmt":"2025-02-15T01:19:13","slug":"crazy-peach-10ml-par-madman","status":"publish","type":"product","link":"https:\/\/taste-it.ca\/fr\/product\/crazy-peach-10ml-par-madman\/","title":{"rendered":"Crazy Peach (10mL) par Madman"},"content":{"rendered":"<p>Pour les amateurs de jus de P\u00eache, c&rsquo;est le jus id\u00e9al, rafra\u00eechissant et extr\u00eamement savoureux.<\/p>\n","protected":false},"excerpt":{"rendered":"<p>Pour les amateurs de jus de P\u00eache, c&rsquo;est le jus id\u00e9al, rafra\u00eechissant et extr\u00eamement savoureux.<\/p>\n","protected":false},"featured_media":38565,"comment_status":"open","ping_status":"closed","template":"","meta":[],"product_brand":[],"product_cat":[2174,2164],"product_tag":[2485],"class_list":{"0":"post-38599","1":"product","2":"type-product","3":"status-publish","4":"has-post-thumbnail","6":"product_cat-americain","7":"product_cat-fruite","8":"product_tag-peche","9":"yith_product_brand-mad-man-fr","11":"first","12":"instock","13":"taxable","14":"shipping-taxable","15":"purchasable","16":"product-type-simple"},"_links":{"self":[{"href":"https:\/\/taste-it.ca\/fr\/wp-json\/wp\/v2\/product\/38599","targetHints":{"allow":["GET"]}}],"collection":[{"href":"https:\/\/taste-it.ca\/fr\/wp-json\/wp\/v2\/product"}],"about":[{"href":"https:\/\/taste-it.ca\/fr\/wp-json\/wp\/v2\/types\/product"}],"replies":[{"embeddable":true,"href":"https:\/\/taste-it.ca\/fr\/wp-json\/wp\/v2\/comments?post=38599"}],"wp:featuredmedia":[{"embeddable":true,"href":"https:\/\/taste-it.ca\/fr\/wp-json\/wp\/v2\/media\/38565"}],"wp:attachment":[{"href":"https:\/\/taste-it.ca\/fr\/wp-json\/wp\/v2\/media?parent=38599"}],"wp:term":[{"taxonomy":"product_brand","embeddable":true,"href":"https:\/\/taste-it.ca\/fr\/wp-json\/wp\/v2\/product_brand?post=38599"},{"taxonomy":"product_cat","embeddable":true,"href":"https:\/\/taste-it.ca\/fr\/wp-json\/wp\/v2\/product_cat?post=38599"},{"taxonomy":"product_tag","embeddable":true,"href":"https:\/\/taste-it.ca\/fr\/wp-json\/wp\/v2\/product_tag?post=38599"}],"curies":[{"name":"wp","href":"https:\/\/api.w.org\/{rel}","templated":true}]}}