{"id":38332,"date":"2023-12-29T12:14:08","date_gmt":"2023-12-29T17:14:08","guid":{"rendered":"https:\/\/taste-it.ca\/product\/turbulent-magnetique-pour-agitateur-magnetique\/"},"modified":"2026-04-02T07:52:29","modified_gmt":"2026-04-02T11:52:29","slug":"turbulent-magnetique-pour-agitateur-magnetique","status":"publish","type":"product","link":"https:\/\/taste-it.ca\/fr\/product\/turbulent-magnetique-pour-agitateur-magnetique\/","title":{"rendered":"Turbulent magn\u00e9tique pour agitateur magn\u00e9tique"},"content":{"rendered":"<h1>TURBULENT MAGN\u00c9TIQUE<\/h1>\n<p>Le\u00a0<strong>Turbulent magn\u00e9tique<\/strong>\u00a0s\u2019utilise avec l\u2019agitateur magn\u00e9tique pour la pr\u00e9paration des [&#8230;]s DIY. Le\u00a0Turbulent magn\u00e9tique a une rotation qui\u00a0assure un brassage parfait de vos m\u00e9langes. L\u2019id\u00e9al pour vos [&#8230;]s.<\/p>\n<h3>Caract\u00e9ristiques du\u00a0Turbulent magn\u00e9tique :<\/h3>\n<table class=\" tableau_caracteristique\" width=\"453\">\n<tbody>\n<tr>\n<th>Longueur<\/th>\n<td>20 mm<\/td>\n<th>Diam\u00e8tre<\/th>\n<td>7 mm<\/td>\n<\/tr>\n<tr>\n<th>Mati\u00e8re<\/th>\n<td>PTFE<\/td>\n<th>Poids<\/th>\n<td>2.5 g<\/td>\n<\/tr>\n<\/tbody>\n<\/table>\n","protected":false},"excerpt":{"rendered":"<p>Le Turbulent Magn\u00e9tique se met au fond d\u2019un b\u00e9cher et assure avec un agitateur magn\u00e9tique\u00a0 un m\u00e9lange parfait pour bien pr\u00e9parer vos [&#8230;]s en DIY.<\/p>\n","protected":false},"featured_media":38331,"comment_status":"open","ping_status":"closed","template":"","meta":[],"product_brand":[],"product_cat":[2802],"product_tag":[],"class_list":{"0":"post-38332","1":"product","2":"type-product","3":"status-publish","4":"has-post-thumbnail","6":"product_cat-divers","7":"yith_product_brand-sans-marque","9":"first","10":"instock","11":"taxable","12":"shipping-taxable","13":"purchasable","14":"product-type-simple"},"_links":{"self":[{"href":"https:\/\/taste-it.ca\/fr\/wp-json\/wp\/v2\/product\/38332","targetHints":{"allow":["GET"]}}],"collection":[{"href":"https:\/\/taste-it.ca\/fr\/wp-json\/wp\/v2\/product"}],"about":[{"href":"https:\/\/taste-it.ca\/fr\/wp-json\/wp\/v2\/types\/product"}],"replies":[{"embeddable":true,"href":"https:\/\/taste-it.ca\/fr\/wp-json\/wp\/v2\/comments?post=38332"}],"wp:featuredmedia":[{"embeddable":true,"href":"https:\/\/taste-it.ca\/fr\/wp-json\/wp\/v2\/media\/38331"}],"wp:attachment":[{"href":"https:\/\/taste-it.ca\/fr\/wp-json\/wp\/v2\/media?parent=38332"}],"wp:term":[{"taxonomy":"product_brand","embeddable":true,"href":"https:\/\/taste-it.ca\/fr\/wp-json\/wp\/v2\/product_brand?post=38332"},{"taxonomy":"product_cat","embeddable":true,"href":"https:\/\/taste-it.ca\/fr\/wp-json\/wp\/v2\/product_cat?post=38332"},{"taxonomy":"product_tag","embeddable":true,"href":"https:\/\/taste-it.ca\/fr\/wp-json\/wp\/v2\/product_tag?post=38332"}],"curies":[{"name":"wp","href":"https:\/\/api.w.org\/{rel}","templated":true}]}}