{"id":38328,"date":"2023-12-29T11:55:31","date_gmt":"2023-12-29T16:55:31","guid":{"rendered":"https:\/\/taste-it.ca\/product\/gants-en-nitrile\/"},"modified":"2023-12-29T11:55:31","modified_gmt":"2023-12-29T16:55:31","slug":"gants-en-nitrile","status":"publish","type":"product","link":"https:\/\/taste-it.ca\/fr\/product\/gants-en-nitrile\/","title":{"rendered":"Gants en Nitrile"},"content":{"rendered":"<p>Gants de nitrile jetables de qualit\u00e9 m\u00e9dicale fournissant une excellente barri\u00e8re biologique. Les gants en nitrile Formedica sont compl\u00e8tement micro-textur\u00e9s pour une dext\u00e9rit\u00e9 manuelle sup\u00e9rieure. Ils sont ambidextres, faciles \u00e0 enfiler et s\u2019ajustent parfaitement.<\/p>\n<p>Gants r\u00e9sistants, id\u00e9al pour tous types de travail et activit\u00e9s.<\/p>\n<p><strong>Caract\u00e9ristiques<\/strong><\/p>\n<ul>\n<li>Non-poudr\u00e9s<\/li>\n<li>Sans latex<\/li>\n<li>Non st\u00e9riles, ambidextres<\/li>\n<li>Extr\u00e9mit\u00e9s des doigts textur\u00e9es pour une meilleure dext\u00e9rit\u00e9<\/li>\n<li>Hypoallerg\u00e9niques<\/li>\n<li>Sans prot\u00e9ines de caoutchouc<\/li>\n<li>R\u00e9sistance sup\u00e9rieure<\/li>\n<li>Micro-textur\u00e9s<\/li>\n<li>Couleurs disponibles\u00a0: bleu, violet, noir<\/li>\n<li>Con\u00e7u pour usage unique<\/li>\n<li>\u00c9tanch\u00e9it\u00e9: N.Q.A. 1.5%<\/li>\n<\/ul>\n","protected":false},"excerpt":{"rendered":"<p>Gants de nitrile jetables de qualit\u00e9 m\u00e9dicale fournissant une excellente barri\u00e8re biologique. Les gants en nitrile Formedica sont compl\u00e8tement micro-textur\u00e9s pour une dext\u00e9rit\u00e9 manuelle sup\u00e9rieure. Ils sont ambidextres, faciles \u00e0 enfiler et s\u2019ajustent parfaitement.<\/p>\n<p>Gants r\u00e9sistants, id\u00e9al pour tous types de travail et activit\u00e9s.<\/p>\n","protected":false},"featured_media":38327,"comment_status":"open","ping_status":"closed","template":"","meta":[],"product_brand":[],"product_cat":[2802],"product_tag":[],"class_list":{"0":"post-38328","1":"product","2":"type-product","3":"status-publish","4":"has-post-thumbnail","6":"product_cat-divers","8":"first","9":"instock","10":"taxable","11":"shipping-taxable","12":"purchasable","13":"product-type-simple"},"_links":{"self":[{"href":"https:\/\/taste-it.ca\/fr\/wp-json\/wp\/v2\/product\/38328","targetHints":{"allow":["GET"]}}],"collection":[{"href":"https:\/\/taste-it.ca\/fr\/wp-json\/wp\/v2\/product"}],"about":[{"href":"https:\/\/taste-it.ca\/fr\/wp-json\/wp\/v2\/types\/product"}],"replies":[{"embeddable":true,"href":"https:\/\/taste-it.ca\/fr\/wp-json\/wp\/v2\/comments?post=38328"}],"wp:featuredmedia":[{"embeddable":true,"href":"https:\/\/taste-it.ca\/fr\/wp-json\/wp\/v2\/media\/38327"}],"wp:attachment":[{"href":"https:\/\/taste-it.ca\/fr\/wp-json\/wp\/v2\/media?parent=38328"}],"wp:term":[{"taxonomy":"product_brand","embeddable":true,"href":"https:\/\/taste-it.ca\/fr\/wp-json\/wp\/v2\/product_brand?post=38328"},{"taxonomy":"product_cat","embeddable":true,"href":"https:\/\/taste-it.ca\/fr\/wp-json\/wp\/v2\/product_cat?post=38328"},{"taxonomy":"product_tag","embeddable":true,"href":"https:\/\/taste-it.ca\/fr\/wp-json\/wp\/v2\/product_tag?post=38328"}],"curies":[{"name":"wp","href":"https:\/\/api.w.org\/{rel}","templated":true}]}}