{"id":38324,"date":"2023-12-29T11:49:27","date_gmt":"2023-12-29T16:49:27","guid":{"rendered":"https:\/\/taste-it.ca\/product\/masques-de-procedure-avec-boucles-dattaches\/"},"modified":"2023-12-29T11:49:27","modified_gmt":"2023-12-29T16:49:27","slug":"masques-de-procedure-avec-boucles-dattaches","status":"publish","type":"product","link":"https:\/\/taste-it.ca\/fr\/product\/masques-de-procedure-avec-boucles-dattaches\/","title":{"rendered":"Masques de proc\u00e9dure avec boucles d&rsquo;attaches"},"content":{"rendered":"<p>Ce masque de protection capture les particules dans l\u2019air \u00e0 plus de 95% d\u2019efficacit\u00e9. Les masques de proc\u00e9dure Formedica offre une excellente protection, tout en \u00e9tant confortables.<\/p>\n<p><strong>Caract\u00e9ristiques<\/strong><\/p>\n<ul>\n<li>Barrette d\u2019ajustement au nez<\/li>\n<li>Texture douce et non irritante<\/li>\n<li>Sans latex ni fibre de verre<\/li>\n<li>Coefficient de filtration bact\u00e9rienne &gt; 95%<\/li>\n<li>Boucles auriculaires<\/li>\n<li>Respiration ais\u00e9e<\/li>\n<\/ul>\n<p><strong>Sp\u00e9cifications<\/strong><br \/>\nEfficacit\u00e9 de filtration des bact\u00e9ries\u00a0: 95%<br \/>\nEfficacit\u00e9 de filtration des particules\u00a0: 94%<br \/>\nR\u00e9sistance aux fluides : 80MMHG<\/p>\n","protected":false},"excerpt":{"rendered":"<p>Ce masque de protection capture les particules dans l\u2019air \u00e0 plus de 95% d\u2019efficacit\u00e9. Les masques de proc\u00e9dure Formedica offre une excellente protection, tout en \u00e9tant confortables.<\/p>\n","protected":false},"featured_media":38323,"comment_status":"open","ping_status":"closed","template":"","meta":[],"product_brand":[],"product_cat":[2802],"product_tag":[],"class_list":{"0":"post-38324","1":"product","2":"type-product","3":"status-publish","4":"has-post-thumbnail","6":"product_cat-divers","7":"yith_product_brand-sans-marque","9":"first","10":"instock","11":"taxable","12":"shipping-taxable","13":"purchasable","14":"product-type-simple"},"_links":{"self":[{"href":"https:\/\/taste-it.ca\/fr\/wp-json\/wp\/v2\/product\/38324","targetHints":{"allow":["GET"]}}],"collection":[{"href":"https:\/\/taste-it.ca\/fr\/wp-json\/wp\/v2\/product"}],"about":[{"href":"https:\/\/taste-it.ca\/fr\/wp-json\/wp\/v2\/types\/product"}],"replies":[{"embeddable":true,"href":"https:\/\/taste-it.ca\/fr\/wp-json\/wp\/v2\/comments?post=38324"}],"wp:featuredmedia":[{"embeddable":true,"href":"https:\/\/taste-it.ca\/fr\/wp-json\/wp\/v2\/media\/38323"}],"wp:attachment":[{"href":"https:\/\/taste-it.ca\/fr\/wp-json\/wp\/v2\/media?parent=38324"}],"wp:term":[{"taxonomy":"product_brand","embeddable":true,"href":"https:\/\/taste-it.ca\/fr\/wp-json\/wp\/v2\/product_brand?post=38324"},{"taxonomy":"product_cat","embeddable":true,"href":"https:\/\/taste-it.ca\/fr\/wp-json\/wp\/v2\/product_cat?post=38324"},{"taxonomy":"product_tag","embeddable":true,"href":"https:\/\/taste-it.ca\/fr\/wp-json\/wp\/v2\/product_tag?post=38324"}],"curies":[{"name":"wp","href":"https:\/\/api.w.org\/{rel}","templated":true}]}}