{"id":38137,"date":"2023-11-02T14:06:07","date_gmt":"2023-11-02T18:06:07","guid":{"rendered":"https:\/\/taste-it.ca\/product\/75-e-juice-recipes-cookbook-2-0-how-to-make-the-best-tasting-e-liquid-ever-fr\/"},"modified":"2026-04-02T07:52:33","modified_gmt":"2026-04-02T11:52:33","slug":"75-e-juice-recipes-cookbook-2-0-how-to-make-the-best-tasting-e-liquid-ever-fr","status":"publish","type":"product","link":"https:\/\/taste-it.ca\/fr\/product\/75-e-juice-recipes-cookbook-2-0-how-to-make-the-best-tasting-e-liquid-ever-fr\/","title":{"rendered":"75 E-Juice Recipes &#038; Cookbook 2.0: How to Make the Best Tasting E-Liquid Ever!"},"content":{"rendered":"<h2>75 Recettes d'[&#8230;] &amp; Livre de Cuisine 2.0<\/h2>\n<h3>Comment Faire le Meilleur [&#8230;], E-jus &amp; Jus de [&#8230;] Jamais!<\/h3>\n<p>Si vous vapotez depuis un certain temps, vous devez certainement avoir envie de nouvelles saveurs, et c&rsquo;est bien compr\u00e9hensible ! Acheter sans cesse les m\u00eames ar\u00f4mes bon march\u00e9 peut finir par alt\u00e9rer le plaisir de la [&#8230;], et certaines de ces pr\u00e9tendues [&#8230;]s haut de gamme ne sont peut-\u00eatre pas \u00e0 votre go\u00fbt, ou vous les trouvez tout simplement trop chers. Sans oublier que l&rsquo;achat r\u00e9gulier d'[&#8230;]s en magasin ou en ligne peut rapidement devenir co\u00fbteux pour entretenir votre passion.<\/p>\n<p>D&rsquo;un autre c\u00f4t\u00e9, que diriez-vous si vous saviez comment fabriquer vous-m\u00eame votre propre [&#8230;], de la mani\u00e8re qui vous convient le mieux ? Imaginez la satisfaction et le plaisir que vous ressentiriez \u00e0 cr\u00e9er vos propres [&#8230;]s. Vous avez la possibilit\u00e9 d&rsquo;ajuster chaque recette exactement selon vos pr\u00e9f\u00e9rences, contrairement \u00e0 ceux que vous achetez en ligne ou en magasin.<\/p>\n<p>Eh bien, si vous faites partie de ces personnes d\u00e9\u00e7ues apr\u00e8s avoir vapot\u00e9 les m\u00eames saveurs d'[&#8230;]s, ou si cela ne vous procure plus le m\u00eame plaisir et que vous souhaitez essayer quelque chose de nouveau, alors voici un livre qui peut vous aider ! Si vous \u00eates un vapoteur passionn\u00e9, vous avez besoin de plus qu&rsquo;une seule saveur ou d&rsquo;une seule concentration de [&#8230;] pour satisfaire toutes vos envies.<\/p>\n<p>Voici la solution la plus simple pour y rem\u00e9dier, dans ce livre, je vous montre le processus, ainsi que certaines des meilleures recettes d'[&#8230;]s (75 pour \u00eatre pr\u00e9cis) que vous n&rsquo;ayez jamais essay\u00e9es. J&rsquo;en ai test\u00e9 et go\u00fbt\u00e9 la plupart moi-m\u00eame, et certaines d&rsquo;entre elles sont devenues mes favorites.<\/p>\n<p>Je vais vous montrer :<\/p>\n<ul>\n<li>Comment commencer \u00e0 fabriquer de l'[&#8230;]<\/li>\n<li>Les ingr\u00e9dients dont vous aurez besoin<\/li>\n<li>Le mat\u00e9riel dont vous aurez besoin<\/li>\n<li>O\u00f9 vous pouvez acheter les fournitures d[&#8230;] pour la [&#8230;]<\/li>\n<li>Comment m\u00e9langer [&#8230;], [&#8230;] et ar\u00f4mes<\/li>\n<li>Comment doser correctement la [&#8230;]<\/li>\n<li>Les \u00e9tapes exactes pour r\u00e9aliser chaque recette d'[&#8230;]<\/li>\n<\/ul>\n<p><strong>Vous trouverez passionnant d&rsquo;explorer 75 recettes de d\u00e9licieux [&#8230;]s dans les cat\u00e9gories de saveurs suivantes :<\/strong><\/p>\n<ul>\n<li>Recettes d'[&#8230;]s aux ar\u00f4mes de fruits<\/li>\n<li>Recettes d'[&#8230;]s aux ar\u00f4mes de boissons<\/li>\n<li>Recettes de jus de [&#8230;] \u00e0 la menthe<\/li>\n<li>Recettes d'[&#8230;]s aux saveurs sucr\u00e9es<\/li>\n<li>Recettes de jus de [&#8230;] aux saveurs de desserts<\/li>\n<li>Bonne [&#8230;] \u00e0 tous !<\/li>\n<\/ul>\n<p><strong>D\u00e9tails du produit :<\/strong><\/p>\n<ul>\n<li>Auteur : Shane H Alexander<\/li>\n<li>Langue : Anglais<\/li>\n<li>Broch\u00e9 : 50 pages<\/li>\n<li>ISBN-10 : 153064433X<\/li>\n<li>ISBN-13 : 978-1530644339<\/li>\n<li>Poids de l&rsquo;article : 81,6 g<\/li>\n<li>Dimensions : 15,24 x 0,3 x 22,86 cm<\/li>\n<\/ul>\n","protected":false},"excerpt":{"rendered":"<p>Si vous vapotez depuis un certain temps, je parie que vous avez envie de nouvelles saveurs, et \u00e0 juste titre !<\/p>\n","protected":false},"featured_media":38112,"comment_status":"open","ping_status":"closed","template":"","meta":[],"product_brand":[],"product_cat":[2806],"product_tag":[],"class_list":{"0":"post-38137","1":"product","2":"type-product","3":"status-publish","4":"has-post-thumbnail","6":"product_cat-livres-de-recettes","7":"yith_product_brand-livres","9":"first","10":"instock","11":"taxable","12":"shipping-taxable","13":"purchasable","14":"product-type-simple"},"_links":{"self":[{"href":"https:\/\/taste-it.ca\/fr\/wp-json\/wp\/v2\/product\/38137","targetHints":{"allow":["GET"]}}],"collection":[{"href":"https:\/\/taste-it.ca\/fr\/wp-json\/wp\/v2\/product"}],"about":[{"href":"https:\/\/taste-it.ca\/fr\/wp-json\/wp\/v2\/types\/product"}],"replies":[{"embeddable":true,"href":"https:\/\/taste-it.ca\/fr\/wp-json\/wp\/v2\/comments?post=38137"}],"wp:featuredmedia":[{"embeddable":true,"href":"https:\/\/taste-it.ca\/fr\/wp-json\/wp\/v2\/media\/38112"}],"wp:attachment":[{"href":"https:\/\/taste-it.ca\/fr\/wp-json\/wp\/v2\/media?parent=38137"}],"wp:term":[{"taxonomy":"product_brand","embeddable":true,"href":"https:\/\/taste-it.ca\/fr\/wp-json\/wp\/v2\/product_brand?post=38137"},{"taxonomy":"product_cat","embeddable":true,"href":"https:\/\/taste-it.ca\/fr\/wp-json\/wp\/v2\/product_cat?post=38137"},{"taxonomy":"product_tag","embeddable":true,"href":"https:\/\/taste-it.ca\/fr\/wp-json\/wp\/v2\/product_tag?post=38137"}],"curies":[{"name":"wp","href":"https:\/\/api.w.org\/{rel}","templated":true}]}}