{"id":38135,"date":"2023-11-02T13:56:39","date_gmt":"2023-11-02T17:56:39","guid":{"rendered":"https:\/\/taste-it.ca\/product\/diy-101-yummy-organic-e-juice-recipes-fr\/"},"modified":"2026-04-02T07:52:34","modified_gmt":"2026-04-02T11:52:34","slug":"diy-101-yummy-organic-e-juice-recipes-fr","status":"publish","type":"product","link":"https:\/\/taste-it.ca\/fr\/product\/diy-101-yummy-organic-e-juice-recipes-fr\/","title":{"rendered":"DIY 101 Yummy Organic e-Juice Recipes"},"content":{"rendered":"<p><strong>DIY 101 Yummy Organic [&#8230;] Recipes<\/strong><br \/>\n<strong>101 Delicious [&#8230;], e Juice &amp; [&#8230;] Juice Recipes You Can Make Today<\/strong><\/p>\n<p>Derni\u00e8rement, ma nouvelle obsession est tout ce qui est bio, en particulier les [&#8230;]s bio. Je suis un vapoteur passionn\u00e9 et je vapote, vends, importe et commercialise des cigarettes \u00e9lectroniques depuis six ans maintenant. Mais il ne s&rsquo;agit pas de mon succ\u00e8s ou de mon \u00e9chec en affaires ; il s&rsquo;agit de [&#8230;] des [&#8230;]s d\u00e9licieux.<\/p>\n<p>Permettez-moi de vous poser une question : avez-vous d\u00e9j\u00e0 essay\u00e9 un [&#8230;] bio ? Eh bien, si ce n&rsquo;est pas le cas, vous passez \u00e0 c\u00f4t\u00e9, et je pense que vous vous devez au moins de cr\u00e9er quelques saveurs vous-m\u00eame et de les essayer.<\/p>\n<p>Vous pourriez vous demander pourquoi je devrais faire le mien alors que je peux simplement commander chez un d\u00e9taillant en ligne, n&rsquo;est-ce pas ? Au cas o\u00f9 vous ne l&rsquo;auriez pas remarqu\u00e9, les prix des [&#8230;]s ont doubl\u00e9 au cours des deux derni\u00e8res ann\u00e9es, en particulier si vous achetez des [&#8230;]s bio fabriqu\u00e9s aux \u00c9tats-Unis.<\/p>\n<p>La derni\u00e8re fois que j&rsquo;ai achet\u00e9 une bouteille de 30 ml d&rsquo;un [&#8230;] bio, j&rsquo;ai pay\u00e9 27,50 $ plus les frais de port !! Cela fait maintenant quatre ans que je fabrique mes propres [&#8230;]s, et je vous sugg\u00e8re d&rsquo;essayer d&rsquo;en faire un lot aussi. Croyez-moi, cela peut \u00eatre une exp\u00e9rience formidable et amusante de cr\u00e9er quelque chose que vous pouvez appeler votre propre marque. Mais plus important encore, les \u00e9conomies r\u00e9alis\u00e9es peuvent \u00eatre une raison suffisante pour vous inciter \u00e0 commencer \u00e0 fabriquer le v\u00f4tre.<\/p>\n<p>Pour vous donner un exemple, fabriquer \u00e0 la maison une bouteille de 30 ml de n&rsquo;importe quel ar\u00f4me d'[&#8230;] bio peut vous co\u00fbter environ 3 \u00e0 5 $ en fonction de l&rsquo;ar\u00f4me que vous utilisez. Maintenant, acheter la m\u00eame quantit\u00e9 d'[&#8230;] de qualit\u00e9 \u00e9quivalente d&rsquo;un d\u00e9taillant en ligne ou local r\u00e9put\u00e9 peut vous co\u00fbter de 20 \u00e0 28 $. La diff\u00e9rence est de 23 $ !<\/p>\n<p>Lorsque vous vapotez un liquide achet\u00e9 en magasin, vous vous \u00eates d\u00e9j\u00e0 dit : \u00ab J&rsquo;aimerais qu&rsquo;ils ajoutent une goutte de menthol de plus ou un peu plus de saveur de caf\u00e9 \u00e0 c[&#8230;] \u00bb ? Eh bien, lorsque vous cr\u00e9ez le v\u00f4tre, vous n&rsquo;avez plus besoin de le souhaiter, il vous suffit d&rsquo;en ajouter davantage ou d&rsquo;\u00eatre plus cr\u00e9atif et de m\u00e9langer quelques recettes pour cr\u00e9er une saveur unique qui porte votre signature.<\/p>\n<p>Si vous parvenez \u00e0 cr\u00e9er quelques recettes exceptionnelles, vous pouvez m\u00eame lancer votre propre marque et essayer de les commercialiser en tant qu'[&#8230;]s bio premium, en ligne, et avoir une entreprise que vous n&rsquo;auriez jamais pens\u00e9 avoir. Les possibilit\u00e9s sont infinies !<\/p>\n<p>Pr\u00e9parer votre recette d'[&#8230;] parfaite et obtenir tous les ingr\u00e9dients en bonne quantit\u00e9 est un travail assez important. Exp\u00e9rimenter en fabriquant le v\u00f4tre peut donc aboutir \u00e0 une exp\u00e9rience incertaine qui vous \u00e9puise \u00e0 la fin et vous pousse \u00e0 le mettre de c\u00f4t\u00e9, pour finir par \u00e9conomiser de l&rsquo;argent et d\u00e9penser de l&rsquo;argent pour des [&#8230;]s pr\u00e9fabriqu\u00e9s que vous finirez par acheter.<\/p>\n<p>Mais attendez, les choses ne doivent pas \u00eatre aussi mauvaises, et vous n&rsquo;avez pas \u00e0 vous \u00e9puiser \u00e0 essayer de perfectionner vos recettes d&rsquo;eJuice. Je me suis donn\u00e9 du mal pour vous, car j&rsquo;\u00e9tais d\u00e9sireux d&rsquo;apprendre et de perfectionner mon art des eJuices pour moi-m\u00eame et mes amis, et je suis pr\u00eat \u00e0 le partager ici avec vous !<\/p>\n<p><strong>Que contient ce livre ?<\/strong><\/p>\n<p>Ce livre couvre les bases de la pr\u00e9paration des [&#8230;]s par vous-m\u00eame, ainsi que les d\u00e9tails sur les ingr\u00e9dients n\u00e9cessaires. Une fois que vous aurez compris les bases des ingr\u00e9dients, nous aborderons l&rsquo;\u00e9quipement n\u00e9cessaire, qui n&rsquo;est pas tr\u00e8s compliqu\u00e9. C&rsquo;est facile, et vous pouvez le faire avec un peu d&rsquo;effort.<\/p>\n<p>Ensuite, une fois que vous serez pr\u00eat, vous pourrez commencer avec les recettes, o\u00f9 je vous apporte des recettes d'[&#8230;]s \u00e9prouv\u00e9es et test\u00e9es qui ne manqueront pas de rehausser votre exp\u00e9rience de [&#8230;] \u00e0 un tout autre niveau. Vous trouverez int\u00e9ressant d&rsquo;explorer<\/p>\n<p><strong>Recettes de [&#8230;]s dans les Cat\u00e9gories de Saveurs Suivantes :<\/strong><\/p>\n<p>Recettes de [&#8230;] aux Ar\u00f4mes de Fruits R\u00e9els<br \/>\nRecettes de [&#8230;]s aux Ar\u00f4mes de P\u00e2tisserie<br \/>\nRecettes de [&#8230;] Juice aux Ar\u00f4mes de Desserts D\u00e9licieux<br \/>\nRecettes de [&#8230;] aux Ar\u00f4mes de Bonbons Sucr\u00e9s<br \/>\nRecettes de [&#8230;]s aux Ar\u00f4mes de Boissons Vraiment G\u00e9niales<br \/>\nJe suis s\u00fbr que vous \u00eates impatient de mettre la main sur vos eJuices dans ces cat\u00e9gories de saveurs de recettes passionnantes, alors sans plus tarder, commen\u00e7ons<\/p>\n<p>. D&rsquo;accord ?<\/p>\n<p><strong>D\u00e9tails du produit<\/strong><\/p>\n<ul>\n<li>Auteur : Roland Harrison<\/li>\n<li>Langue : Anglais<\/li>\n<li>Broch\u00e9 : 78 pages<\/li>\n<li>ISBN-10 : 1541255526<\/li>\n<li>ISBN-13 : 978-1541255524<\/li>\n<li>Poids de l&rsquo;article : 118 g<\/li>\n<li>Dimensions : 15,19 x 0,41 x 22,91 cm<\/li>\n<\/ul>\n","protected":false},"excerpt":{"rendered":"<p>Ce livre couvre les bases de la pr\u00e9paration de vos propres [&#8230;]s, ainsi que les d\u00e9tails sur les ingr\u00e9dients n\u00e9cessaires. Une fois que vous aurez compris les bases des ingr\u00e9dients, nous aborderons les \u00e9quipements n\u00e9cessaires, qui ne sont pas nombreux. C&rsquo;est facile, et vous pouvez le faire avec un peu d&rsquo;effort.<\/p>\n","protected":false},"featured_media":38100,"comment_status":"open","ping_status":"closed","template":"","meta":[],"product_brand":[],"product_cat":[2806],"product_tag":[],"class_list":{"0":"post-38135","1":"product","2":"type-product","3":"status-publish","4":"has-post-thumbnail","6":"product_cat-livres-de-recettes","7":"yith_product_brand-livres","9":"first","10":"instock","11":"taxable","12":"shipping-taxable","13":"purchasable","14":"product-type-simple"},"_links":{"self":[{"href":"https:\/\/taste-it.ca\/fr\/wp-json\/wp\/v2\/product\/38135","targetHints":{"allow":["GET"]}}],"collection":[{"href":"https:\/\/taste-it.ca\/fr\/wp-json\/wp\/v2\/product"}],"about":[{"href":"https:\/\/taste-it.ca\/fr\/wp-json\/wp\/v2\/types\/product"}],"replies":[{"embeddable":true,"href":"https:\/\/taste-it.ca\/fr\/wp-json\/wp\/v2\/comments?post=38135"}],"wp:featuredmedia":[{"embeddable":true,"href":"https:\/\/taste-it.ca\/fr\/wp-json\/wp\/v2\/media\/38100"}],"wp:attachment":[{"href":"https:\/\/taste-it.ca\/fr\/wp-json\/wp\/v2\/media?parent=38135"}],"wp:term":[{"taxonomy":"product_brand","embeddable":true,"href":"https:\/\/taste-it.ca\/fr\/wp-json\/wp\/v2\/product_brand?post=38135"},{"taxonomy":"product_cat","embeddable":true,"href":"https:\/\/taste-it.ca\/fr\/wp-json\/wp\/v2\/product_cat?post=38135"},{"taxonomy":"product_tag","embeddable":true,"href":"https:\/\/taste-it.ca\/fr\/wp-json\/wp\/v2\/product_tag?post=38135"}],"curies":[{"name":"wp","href":"https:\/\/api.w.org\/{rel}","templated":true}]}}