{"id":38133,"date":"2023-11-02T13:46:21","date_gmt":"2023-11-02T17:46:21","guid":{"rendered":"https:\/\/taste-it.ca\/product\/pg-vg-nic-oh-my-diy-e-liquid-beginners-guide-for-electronic-cigarettes-fr\/"},"modified":"2026-04-02T07:52:35","modified_gmt":"2026-04-02T11:52:35","slug":"pg-vg-nic-oh-my-diy-e-liquid-beginners-guide-for-electronic-cigarettes-fr","status":"publish","type":"product","link":"https:\/\/taste-it.ca\/fr\/product\/pg-vg-nic-oh-my-diy-e-liquid-beginners-guide-for-electronic-cigarettes-fr\/","title":{"rendered":"PG VG &#038; Nic, OH MY!: DIY E-liquid Beginners Guide for Electronic Cigarettes"},"content":{"rendered":"<h2><strong>Vous pouvez maintenant profiter d'[&#8230;]s au go\u00fbt exceptionnel !<\/strong><\/h2>\n<h3>Vous \u00eates curieux d&rsquo;apprendre \u00e0 cr\u00e9er vos propres [&#8230;]s ?<\/h3>\n<p>N&rsquo;importe qui peut m\u00e9langer des ingr\u00e9dients dans une bouteille, secouer et [&#8230;]r&#8230; n&rsquo;est-ce pas ? Mais pourquoi tant de cr\u00e9ations de [&#8230;]s D.I.Y par tant de vapoteurs se soldent-elles par des \u00e9checs apr\u00e8s des \u00e9checs ? Mauvais go\u00fbt d\u00e8s le d\u00e9part ! Ou des [&#8230;]s qui ont bon go\u00fbt au d\u00e9but, mais qui sont affreux le lendemain.<\/p>\n<p>Fabriquer vos propres [&#8230;]s est tr\u00e8s gratifiant. Non seulement vous pouvez cr\u00e9er des [&#8230;]s aux saveurs que vous adorerez [&#8230;], mais vous pouvez \u00e9galement \u00e9conomiser beaucoup d&rsquo;argent. J&rsquo;ai fait beaucoup d&rsquo;erreurs au d\u00e9but et j&rsquo;ai vite r\u00e9alis\u00e9 qu&rsquo;une \u00e9tape cruciale que n\u00e9gligent de nombreux nouveaux fabricants de [&#8230;]s est&#8230;<\/p>\n<p><strong>&#8230;ne pas rechercher les bonnes informations pour garantir un m\u00e9lange r\u00e9ussi !<\/strong><\/p>\n<h3>Vous ne savez pas par o\u00f9 commencer ou m\u00eame quelles informations rechercher ?<\/h3>\n<p>Ce livre vous guidera \u00e0 travers chaque sujet que vous devrez conna\u00eetre, des liquides de base, des ar\u00f4mes, des additifs, des calculateurs de [&#8230;]s, du stockage et bien plus encore. R\u00e9ussissez vos m\u00e9langes de [&#8230;]s du premier coup, faites le pas en toute confiance dans l&rsquo;univers des [&#8230;]s D.I.Y avec ce guide clair, incroyablement d\u00e9taill\u00e9 et accessible.<\/p>\n<ul>\n<li>R\u00e9duisez votre courbe d&rsquo;apprentissage de mois \u00e0 jours<\/li>\n<li>Apprenez \u00e0 fabriquer des [&#8230;]s correctement, d\u00e8s le d\u00e9but<\/li>\n<li>Des informations complexes simplifi\u00e9es et clairement expliqu\u00e9es<\/li>\n<li>126 pages remplies d&rsquo;informations<\/li>\n<\/ul>\n<p><strong>D\u00e9tails du produit<\/strong><\/p>\n<ul>\n<li>Auteur : Donald Blakely<\/li>\n<li>Langue : Anglais<\/li>\n<li>Livre broch\u00e9 : 126 pages<\/li>\n<li>ISBN-10 : 1507890990<\/li>\n<li>ISBN-13 : 978-1507890998<\/li>\n<li>Poids de l&rsquo;article : 195 g<\/li>\n<li>Dimensions : 12,7 x 0,74 x 20,32 cm<\/li>\n<\/ul>\n","protected":false},"excerpt":{"rendered":"<p>Ce livre vous guidera \u00e0 travers chaque sujet que vous devrez conna\u00eetre, des liquides de base, des ar\u00f4mes, des additifs, des calculateurs de [&#8230;]s, du stockage et bien plus encore.<\/p>\n","protected":false},"featured_media":38106,"comment_status":"open","ping_status":"closed","template":"","meta":[],"product_brand":[],"product_cat":[2806],"product_tag":[],"class_list":{"0":"post-38133","1":"product","2":"type-product","3":"status-publish","4":"has-post-thumbnail","6":"product_cat-livres-de-recettes","7":"yith_product_brand-livres","9":"first","10":"instock","11":"taxable","12":"shipping-taxable","13":"purchasable","14":"product-type-simple"},"_links":{"self":[{"href":"https:\/\/taste-it.ca\/fr\/wp-json\/wp\/v2\/product\/38133","targetHints":{"allow":["GET"]}}],"collection":[{"href":"https:\/\/taste-it.ca\/fr\/wp-json\/wp\/v2\/product"}],"about":[{"href":"https:\/\/taste-it.ca\/fr\/wp-json\/wp\/v2\/types\/product"}],"replies":[{"embeddable":true,"href":"https:\/\/taste-it.ca\/fr\/wp-json\/wp\/v2\/comments?post=38133"}],"wp:featuredmedia":[{"embeddable":true,"href":"https:\/\/taste-it.ca\/fr\/wp-json\/wp\/v2\/media\/38106"}],"wp:attachment":[{"href":"https:\/\/taste-it.ca\/fr\/wp-json\/wp\/v2\/media?parent=38133"}],"wp:term":[{"taxonomy":"product_brand","embeddable":true,"href":"https:\/\/taste-it.ca\/fr\/wp-json\/wp\/v2\/product_brand?post=38133"},{"taxonomy":"product_cat","embeddable":true,"href":"https:\/\/taste-it.ca\/fr\/wp-json\/wp\/v2\/product_cat?post=38133"},{"taxonomy":"product_tag","embeddable":true,"href":"https:\/\/taste-it.ca\/fr\/wp-json\/wp\/v2\/product_tag?post=38133"}],"curies":[{"name":"wp","href":"https:\/\/api.w.org\/{rel}","templated":true}]}}