{"id":38123,"date":"2023-11-02T12:58:48","date_gmt":"2023-11-02T16:58:48","guid":{"rendered":"https:\/\/taste-it.ca\/?post_type=product&#038;p=38123"},"modified":"2026-04-02T07:52:38","modified_gmt":"2026-04-02T11:52:38","slug":"the-mixologists-e-liquid-recipes-a-diy-e-juice-notebook-for-your-favorite-vape-mixtures-ape","status":"publish","type":"product","link":"https:\/\/taste-it.ca\/fr\/product\/the-mixologists-e-liquid-recipes-a-diy-e-juice-notebook-for-your-favorite-vape-mixtures-ape\/","title":{"rendered":"The Mixologist&rsquo;s E-Liquid Recipes: A DIY E-Juice Notebook for Your Favorite Vape Mixtures, Ape"},"content":{"rendered":"<p>Gardez une trace de vos recettes pr\u00e9f\u00e9r\u00e9es, de vos m\u00e9langes, de vos clones et de vos remixes avec ce cahier de recettes de 120 pages. Chaque page comporte un tableau avec des espaces pour inscrire le nom de votre nouvelle saveur cr\u00e9\u00e9e, la saveur de jusqu&rsquo;\u00e0 9 ingr\u00e9dients diff\u00e9rents, le nom de la marque et le pourcentage pour obtenir la [&#8230;] parfaite. La moiti\u00e9 inf\u00e9rieure de chaque page est lign\u00e9e pour permettre de prendre des notes. \u00c9levez votre exp\u00e9rience de [&#8230;] \u00e0 un niveau sup\u00e9rieur.<\/p>\n<p><strong>D\u00e9tails du produit :<\/strong><\/p>\n<ul>\n<li>Auteur : SUCKERHUG Publishing<\/li>\n<li>Langue : Anglais<\/li>\n<li>Broch\u00e9 : 120 pages<\/li>\n<li>ISBN-10 : 1070852864<\/li>\n<li>ISBN-13 : 978-1070852867<\/li>\n<li>Poids de l&rsquo;article : 236 g<\/li>\n<li>Dimensions : 15,24 x 0,71 x 22,86 cm<\/li>\n<\/ul>\n","protected":false},"excerpt":{"rendered":"<p>Gardez une trace de vos recettes pr\u00e9f\u00e9r\u00e9es, de vos m\u00e9langes, de vos clones et de vos remixes avec ce cahier de recettes de 120 pages.<\/p>\n","protected":false},"featured_media":38108,"comment_status":"open","ping_status":"closed","template":"","meta":[],"product_brand":[],"product_cat":[2808],"product_tag":[],"class_list":{"0":"post-38123","1":"product","2":"type-product","3":"status-publish","4":"has-post-thumbnail","6":"product_cat-carnets-de-notes-personnalises","7":"yith_product_brand-livres","9":"first","10":"instock","11":"taxable","12":"shipping-taxable","13":"purchasable","14":"product-type-simple"},"_links":{"self":[{"href":"https:\/\/taste-it.ca\/fr\/wp-json\/wp\/v2\/product\/38123","targetHints":{"allow":["GET"]}}],"collection":[{"href":"https:\/\/taste-it.ca\/fr\/wp-json\/wp\/v2\/product"}],"about":[{"href":"https:\/\/taste-it.ca\/fr\/wp-json\/wp\/v2\/types\/product"}],"replies":[{"embeddable":true,"href":"https:\/\/taste-it.ca\/fr\/wp-json\/wp\/v2\/comments?post=38123"}],"wp:featuredmedia":[{"embeddable":true,"href":"https:\/\/taste-it.ca\/fr\/wp-json\/wp\/v2\/media\/38108"}],"wp:attachment":[{"href":"https:\/\/taste-it.ca\/fr\/wp-json\/wp\/v2\/media?parent=38123"}],"wp:term":[{"taxonomy":"product_brand","embeddable":true,"href":"https:\/\/taste-it.ca\/fr\/wp-json\/wp\/v2\/product_brand?post=38123"},{"taxonomy":"product_cat","embeddable":true,"href":"https:\/\/taste-it.ca\/fr\/wp-json\/wp\/v2\/product_cat?post=38123"},{"taxonomy":"product_tag","embeddable":true,"href":"https:\/\/taste-it.ca\/fr\/wp-json\/wp\/v2\/product_tag?post=38123"}],"curies":[{"name":"wp","href":"https:\/\/api.w.org\/{rel}","templated":true}]}}