{"id":38119,"date":"2023-11-02T12:31:56","date_gmt":"2023-11-02T16:31:56","guid":{"rendered":"https:\/\/taste-it.ca\/product\/diy-e-liquid-recipe-book-a-blank-spreadsheet-template-recipe-log-book-for-d-i-y-vape-e-juice-recipe-creation-fr\/"},"modified":"2026-04-02T07:52:40","modified_gmt":"2026-04-02T11:52:40","slug":"diy-e-liquid-recipe-book-a-blank-spreadsheet-template-recipe-log-book-for-d-i-y-vape-e-juice-recipe-creation-fr","status":"publish","type":"product","link":"https:\/\/taste-it.ca\/fr\/product\/diy-e-liquid-recipe-book-a-blank-spreadsheet-template-recipe-log-book-for-d-i-y-vape-e-juice-recipe-creation-fr\/","title":{"rendered":"DIY E-Liquid Recipe Book: A Blank Spreadsheet Template Recipe Log Book For D.I.Y. Vape &#038; E-juice Recipe Creation"},"content":{"rendered":"<p><strong>Un compagnon essentiel pour les passionn\u00e9s du [&#8230;] en DIY.<\/strong><\/p>\n<p><strong>La meilleure fa\u00e7on de pratiquer vos recettes<\/strong><\/p>\n<p>Ce cahier aide les cr\u00e9ateurs \u00e0 garder leurs recettes organis\u00e9es et bien rang\u00e9es. Dot\u00e9 d&rsquo;une feuille de calcul d\u00e9taill\u00e9e pour cr\u00e9er des recettes parfaites, il vous permet de garder vos id\u00e9es organis\u00e9es et d&rsquo;affiner votre savoir-faire.<\/p>\n<p><strong>Caract\u00e9ristiques :<\/strong><\/p>\n<ul>\n<li>Langue: Anglais<\/li>\n<li>Design minimaliste<\/li>\n<li>120 pages<\/li>\n<li>[&#8230;]\u00e8les de feuilles de calcul d\u00e9taill\u00e9s sur du papier blanc de qualit\u00e9<\/li>\n<li>Meilleur usage avec des crayons, des crayons de couleur et des stylos \u00e0<\/li>\n<li>bille\/encre<\/li>\n<li>Format de 6&Prime; x 9&Prime; pour les cr\u00e9atifs en d\u00e9placement<\/li>\n<li>Auteur : Staunch Design House<\/li>\n<\/ul>\n","protected":false},"excerpt":{"rendered":"<p>Ce cahier aide les cr\u00e9ateurs \u00e0 garder leurs recettes organis\u00e9es et bien rang\u00e9es.<\/p>\n","protected":false},"featured_media":38102,"comment_status":"open","ping_status":"closed","template":"","meta":[],"product_brand":[],"product_cat":[2808],"product_tag":[],"class_list":{"0":"post-38119","1":"product","2":"type-product","3":"status-publish","4":"has-post-thumbnail","6":"product_cat-carnets-de-notes-personnalises","7":"yith_product_brand-livres","9":"first","10":"instock","11":"taxable","12":"shipping-taxable","13":"purchasable","14":"product-type-simple"},"_links":{"self":[{"href":"https:\/\/taste-it.ca\/fr\/wp-json\/wp\/v2\/product\/38119","targetHints":{"allow":["GET"]}}],"collection":[{"href":"https:\/\/taste-it.ca\/fr\/wp-json\/wp\/v2\/product"}],"about":[{"href":"https:\/\/taste-it.ca\/fr\/wp-json\/wp\/v2\/types\/product"}],"replies":[{"embeddable":true,"href":"https:\/\/taste-it.ca\/fr\/wp-json\/wp\/v2\/comments?post=38119"}],"wp:featuredmedia":[{"embeddable":true,"href":"https:\/\/taste-it.ca\/fr\/wp-json\/wp\/v2\/media\/38102"}],"wp:attachment":[{"href":"https:\/\/taste-it.ca\/fr\/wp-json\/wp\/v2\/media?parent=38119"}],"wp:term":[{"taxonomy":"product_brand","embeddable":true,"href":"https:\/\/taste-it.ca\/fr\/wp-json\/wp\/v2\/product_brand?post=38119"},{"taxonomy":"product_cat","embeddable":true,"href":"https:\/\/taste-it.ca\/fr\/wp-json\/wp\/v2\/product_cat?post=38119"},{"taxonomy":"product_tag","embeddable":true,"href":"https:\/\/taste-it.ca\/fr\/wp-json\/wp\/v2\/product_tag?post=38119"}],"curies":[{"name":"wp","href":"https:\/\/api.w.org\/{rel}","templated":true}]}}