{"id":37908,"date":"2023-06-28T11:12:13","date_gmt":"2023-06-28T15:12:13","guid":{"rendered":"https:\/\/taste-it.ca\/product\/assurance-postes-canada\/"},"modified":"2023-11-01T14:10:46","modified_gmt":"2023-11-01T18:10:46","slug":"assurance-postes-canada","status":"publish","type":"product","link":"https:\/\/taste-it.ca\/fr\/product\/assurance-postes-canada\/","title":{"rendered":"Assurance Postes Canada"},"content":{"rendered":"<p>Nous conseillons \u00e0 nos clients de prendre une assurance exp\u00e9dition Postes Canada pour toutes commande \u00e9quivalente ou d\u00e9passant un total de 100$.<\/p>\n","protected":false},"excerpt":{"rendered":"<p>Nous conseillons \u00e0 nos clients de prendre une assurance exp\u00e9dition Postes Canada pour toutes commande \u00e9quivalente ou d\u00e9passant un total de 100$.<\/p>\n","protected":false},"featured_media":37902,"comment_status":"open","ping_status":"closed","template":"","meta":[],"product_brand":[],"product_cat":[2802],"product_tag":[],"class_list":{"0":"post-37908","1":"product","2":"type-product","3":"status-publish","4":"has-post-thumbnail","6":"product_cat-divers","8":"first","9":"instock","10":"taxable","11":"shipping-taxable","12":"purchasable","13":"product-type-variable"},"_links":{"self":[{"href":"https:\/\/taste-it.ca\/fr\/wp-json\/wp\/v2\/product\/37908","targetHints":{"allow":["GET"]}}],"collection":[{"href":"https:\/\/taste-it.ca\/fr\/wp-json\/wp\/v2\/product"}],"about":[{"href":"https:\/\/taste-it.ca\/fr\/wp-json\/wp\/v2\/types\/product"}],"replies":[{"embeddable":true,"href":"https:\/\/taste-it.ca\/fr\/wp-json\/wp\/v2\/comments?post=37908"}],"wp:featuredmedia":[{"embeddable":true,"href":"https:\/\/taste-it.ca\/fr\/wp-json\/wp\/v2\/media\/37902"}],"wp:attachment":[{"href":"https:\/\/taste-it.ca\/fr\/wp-json\/wp\/v2\/media?parent=37908"}],"wp:term":[{"taxonomy":"product_brand","embeddable":true,"href":"https:\/\/taste-it.ca\/fr\/wp-json\/wp\/v2\/product_brand?post=37908"},{"taxonomy":"product_cat","embeddable":true,"href":"https:\/\/taste-it.ca\/fr\/wp-json\/wp\/v2\/product_cat?post=37908"},{"taxonomy":"product_tag","embeddable":true,"href":"https:\/\/taste-it.ca\/fr\/wp-json\/wp\/v2\/product_tag?post=37908"}],"curies":[{"name":"wp","href":"https:\/\/api.w.org\/{rel}","templated":true}]}}