{"id":37867,"date":"2023-09-25T08:47:36","date_gmt":"2023-09-25T12:47:36","guid":{"rendered":"https:\/\/taste-it.ca\/?post_type=product&#038;p=37867"},"modified":"2025-12-10T23:10:02","modified_gmt":"2025-12-11T04:10:02","slug":"bouteille-compressible-souple-boston-type-2-oz-59ml","status":"publish","type":"product","link":"https:\/\/taste-it.ca\/fr\/product\/bouteille-compressible-souple-boston-type-2-oz-59ml\/","title":{"rendered":"Bouteille compressible souple Boston Type \u2013 2 Oz (59ml)"},"content":{"rendered":"<p>Distribue des quantit\u00e9s pr\u00e9cises d&rsquo;aromes.<\/p>\n<ul>\n<li>Bouteilles en PEBD souples et translucides avec couvercle Yorker.<\/li>\n<li>Convient comme compte-gouttes.<\/li>\n<li>Conforme aux normes de la FDA.<\/li>\n<li>Couvercles inclus.<\/li>\n<\/ul>\n","protected":false},"excerpt":{"rendered":"<p><strong>Bouteille ronde compressible<\/strong> de type Boston, en <strong>PEBD<\/strong> (poly\u00e9thyl\u00e8ne basse densit\u00e9), <strong>souple et opaque.<\/strong> Parfaite pour vos projets de bricolage.<\/p>\n","protected":false},"featured_media":37869,"comment_status":"open","ping_status":"closed","template":"","meta":[],"product_brand":[],"product_cat":[2679,2715,2678],"product_tag":[],"class_list":{"0":"post-37867","1":"product","2":"type-product","3":"status-publish","4":"has-post-thumbnail","6":"product_cat-bouteilles","7":"product_cat-bouteilles-pebd","8":"product_cat-equipments-fr","9":"yith_product_brand-sans-marque","11":"first","12":"instock","13":"taxable","14":"shipping-taxable","15":"purchasable","16":"product-type-simple"},"_links":{"self":[{"href":"https:\/\/taste-it.ca\/fr\/wp-json\/wp\/v2\/product\/37867","targetHints":{"allow":["GET"]}}],"collection":[{"href":"https:\/\/taste-it.ca\/fr\/wp-json\/wp\/v2\/product"}],"about":[{"href":"https:\/\/taste-it.ca\/fr\/wp-json\/wp\/v2\/types\/product"}],"replies":[{"embeddable":true,"href":"https:\/\/taste-it.ca\/fr\/wp-json\/wp\/v2\/comments?post=37867"}],"wp:featuredmedia":[{"embeddable":true,"href":"https:\/\/taste-it.ca\/fr\/wp-json\/wp\/v2\/media\/37869"}],"wp:attachment":[{"href":"https:\/\/taste-it.ca\/fr\/wp-json\/wp\/v2\/media?parent=37867"}],"wp:term":[{"taxonomy":"product_brand","embeddable":true,"href":"https:\/\/taste-it.ca\/fr\/wp-json\/wp\/v2\/product_brand?post=37867"},{"taxonomy":"product_cat","embeddable":true,"href":"https:\/\/taste-it.ca\/fr\/wp-json\/wp\/v2\/product_cat?post=37867"},{"taxonomy":"product_tag","embeddable":true,"href":"https:\/\/taste-it.ca\/fr\/wp-json\/wp\/v2\/product_tag?post=37867"}],"curies":[{"name":"wp","href":"https:\/\/api.w.org\/{rel}","templated":true}]}}