{"id":37668,"date":"2023-09-22T10:20:22","date_gmt":"2023-09-22T14:20:22","guid":{"rendered":"https:\/\/taste-it.ca\/?post_type=product&#038;p=37668"},"modified":"2026-04-11T23:20:01","modified_gmt":"2026-04-12T03:20:01","slug":"crisp-waffle-par-sobucky-super-aromas","status":"publish","type":"product","link":"https:\/\/taste-it.ca\/fr\/product\/crisp-waffle-par-sobucky-super-aromas\/","title":{"rendered":"Crisp waffle par Sobucky Super Aromas"},"content":{"rendered":"<p>Gaufrette naturelle croquante et croustillante.<\/p>\n<ul>\n<li>Dosage moyen : <strong>0.4 % \u00e0 1 %<\/strong> dans un m\u00e9lange 50PG\/50VG<\/li>\n<li>Solubilit\u00e9 dans l&rsquo;eau : Non<\/li>\n<li>Support : Ethanol<\/li>\n<li>TPD : Oui (conforme \u00e0 la directive sur les produits du tabac)<\/li>\n<li>Capacit\u00e9s : 10 mL, 30 mL et 125 mL<\/li>\n<li>Mat\u00e9riau d&#8217;emballage : PET (poly\u00e9thyl\u00e8ne t\u00e9r\u00e9phtalate), HDPE (poly\u00e9thyl\u00e8ne haute densit\u00e9)<\/li>\n<li>Capuchon : S\u00e9curit\u00e9 enfant, scellage ouverture, induction<\/li>\n<\/ul>\n","protected":false},"excerpt":{"rendered":"<p>Gaufrette naturelle croquante et croustillante.<\/p>\n","protected":false},"featured_media":37673,"comment_status":"open","ping_status":"closed","template":"","meta":[],"product_brand":[],"product_cat":[2156,2699,2166,2169],"product_tag":[2659],"class_list":{"0":"post-37668","1":"product","2":"type-product","3":"status-publish","4":"has-post-thumbnail","6":"product_cat-aromes-fr","7":"product_cat-boulangerie","8":"product_cat-gourmet-fr","9":"product_cat-polonais","10":"product_tag-eau","11":"yith_product_brand-sobucky-fr","13":"first","14":"instock","15":"taxable","16":"shipping-taxable","17":"purchasable","18":"product-type-variable"},"_links":{"self":[{"href":"https:\/\/taste-it.ca\/fr\/wp-json\/wp\/v2\/product\/37668","targetHints":{"allow":["GET"]}}],"collection":[{"href":"https:\/\/taste-it.ca\/fr\/wp-json\/wp\/v2\/product"}],"about":[{"href":"https:\/\/taste-it.ca\/fr\/wp-json\/wp\/v2\/types\/product"}],"replies":[{"embeddable":true,"href":"https:\/\/taste-it.ca\/fr\/wp-json\/wp\/v2\/comments?post=37668"}],"wp:featuredmedia":[{"embeddable":true,"href":"https:\/\/taste-it.ca\/fr\/wp-json\/wp\/v2\/media\/37673"}],"wp:attachment":[{"href":"https:\/\/taste-it.ca\/fr\/wp-json\/wp\/v2\/media?parent=37668"}],"wp:term":[{"taxonomy":"product_brand","embeddable":true,"href":"https:\/\/taste-it.ca\/fr\/wp-json\/wp\/v2\/product_brand?post=37668"},{"taxonomy":"product_cat","embeddable":true,"href":"https:\/\/taste-it.ca\/fr\/wp-json\/wp\/v2\/product_cat?post=37668"},{"taxonomy":"product_tag","embeddable":true,"href":"https:\/\/taste-it.ca\/fr\/wp-json\/wp\/v2\/product_tag?post=37668"}],"curies":[{"name":"wp","href":"https:\/\/api.w.org\/{rel}","templated":true}]}}