{"id":37603,"date":"2023-09-22T09:40:59","date_gmt":"2023-09-22T13:40:59","guid":{"rendered":"https:\/\/taste-it.ca\/?post_type=product&#038;p=37603"},"modified":"2023-09-23T15:31:05","modified_gmt":"2023-09-23T19:31:05","slug":"natural-mint-par-sobucky-super-aromas","status":"publish","type":"product","link":"https:\/\/taste-it.ca\/fr\/product\/natural-mint-par-sobucky-super-aromas\/","title":{"rendered":"Natural mint par Sobucky Super Aromas"},"content":{"rendered":"<p>Caract\u00e8re doux, poudr\u00e9, d\u00e9licat, menthol\u00e9.<br \/>\nSAVEUR NATURELLE<\/p>\n<ul>\n<li>Dosage moyen : <strong>1% &#8211; 2.5%<\/strong> dans un m\u00e9lange 50PG\/50VG<\/li>\n<li>Solubilit\u00e9 dans l&rsquo;eau : Non<\/li>\n<li>Support : Glycol<\/li>\n<li>TPD : Non<\/li>\n<li>Capacit\u00e9s : 10 mL, 30 mL et 125 mL<\/li>\n<li>Mat\u00e9riau d&#8217;emballage : PET (poly\u00e9thyl\u00e8ne t\u00e9r\u00e9phtalate), HDPE (poly\u00e9thyl\u00e8ne haute densit\u00e9)<\/li>\n<li>Capuchon : S\u00e9curit\u00e9 enfant, scellage ouverture, induction<\/li>\n<\/ul>\n","protected":false},"excerpt":{"rendered":"<p>Caract\u00e8re doux, poudr\u00e9, d\u00e9licat, menthol\u00e9.<\/p>\n","protected":false},"featured_media":37608,"comment_status":"open","ping_status":"closed","template":"","meta":[],"product_brand":[],"product_cat":[2156,2168,2169],"product_tag":[2327,2318],"class_list":{"0":"post-37603","1":"product","2":"type-product","3":"status-publish","4":"has-post-thumbnail","6":"product_cat-aromes-fr","7":"product_cat-menthe","8":"product_cat-polonais","9":"product_tag-menthe-poivree","10":"product_tag-naturel","11":"yith_product_brand-sobucky-fr","13":"first","14":"instock","15":"taxable","16":"shipping-taxable","17":"purchasable","18":"product-type-variable"},"_links":{"self":[{"href":"https:\/\/taste-it.ca\/fr\/wp-json\/wp\/v2\/product\/37603","targetHints":{"allow":["GET"]}}],"collection":[{"href":"https:\/\/taste-it.ca\/fr\/wp-json\/wp\/v2\/product"}],"about":[{"href":"https:\/\/taste-it.ca\/fr\/wp-json\/wp\/v2\/types\/product"}],"replies":[{"embeddable":true,"href":"https:\/\/taste-it.ca\/fr\/wp-json\/wp\/v2\/comments?post=37603"}],"wp:featuredmedia":[{"embeddable":true,"href":"https:\/\/taste-it.ca\/fr\/wp-json\/wp\/v2\/media\/37608"}],"wp:attachment":[{"href":"https:\/\/taste-it.ca\/fr\/wp-json\/wp\/v2\/media?parent=37603"}],"wp:term":[{"taxonomy":"product_brand","embeddable":true,"href":"https:\/\/taste-it.ca\/fr\/wp-json\/wp\/v2\/product_brand?post=37603"},{"taxonomy":"product_cat","embeddable":true,"href":"https:\/\/taste-it.ca\/fr\/wp-json\/wp\/v2\/product_cat?post=37603"},{"taxonomy":"product_tag","embeddable":true,"href":"https:\/\/taste-it.ca\/fr\/wp-json\/wp\/v2\/product_tag?post=37603"}],"curies":[{"name":"wp","href":"https:\/\/api.w.org\/{rel}","templated":true}]}}