{"id":36999,"date":"2023-06-12T15:18:54","date_gmt":"2023-06-12T19:18:54","guid":{"rendered":"https:\/\/taste-it.ca\/product\/aiguille-de-calibre-14-pour-e-liquide-diy\/"},"modified":"2026-04-02T07:53:31","modified_gmt":"2026-04-02T11:53:31","slug":"aiguille-de-calibre-14-pour-e-liquide-diy","status":"publish","type":"product","link":"https:\/\/taste-it.ca\/fr\/product\/aiguille-de-calibre-14-pour-e-liquide-diy\/","title":{"rendered":"Aiguille de calibre 14 pour e-liquide DIY"},"content":{"rendered":"<p>Ces aiguilles (embouts non coupants) sont g\u00e9n\u00e9ralement utilis\u00e9es pour remplir vos appareils.<\/p>\n<p>Elles ne sont pas st\u00e9riles et ne sont pas destin\u00e9es \u00e0 une injection hypodermique.<\/p>\n","protected":false},"excerpt":{"rendered":"<p>Ces aiguilles (embouts non coupants) sont g\u00e9n\u00e9ralement utilis\u00e9es pour remplir vos appareils.<\/p>\n","protected":false},"featured_media":36748,"comment_status":"open","ping_status":"closed","template":"","meta":[],"product_brand":[],"product_cat":[2678],"product_tag":[],"class_list":{"0":"post-36999","1":"product","2":"type-product","3":"status-publish","4":"has-post-thumbnail","6":"product_cat-equipments-fr","7":"yith_product_brand-sans-marque","9":"first","10":"instock","11":"taxable","12":"shipping-taxable","13":"purchasable","14":"product-type-simple"},"_links":{"self":[{"href":"https:\/\/taste-it.ca\/fr\/wp-json\/wp\/v2\/product\/36999","targetHints":{"allow":["GET"]}}],"collection":[{"href":"https:\/\/taste-it.ca\/fr\/wp-json\/wp\/v2\/product"}],"about":[{"href":"https:\/\/taste-it.ca\/fr\/wp-json\/wp\/v2\/types\/product"}],"replies":[{"embeddable":true,"href":"https:\/\/taste-it.ca\/fr\/wp-json\/wp\/v2\/comments?post=36999"}],"wp:featuredmedia":[{"embeddable":true,"href":"https:\/\/taste-it.ca\/fr\/wp-json\/wp\/v2\/media\/36748"}],"wp:attachment":[{"href":"https:\/\/taste-it.ca\/fr\/wp-json\/wp\/v2\/media?parent=36999"}],"wp:term":[{"taxonomy":"product_brand","embeddable":true,"href":"https:\/\/taste-it.ca\/fr\/wp-json\/wp\/v2\/product_brand?post=36999"},{"taxonomy":"product_cat","embeddable":true,"href":"https:\/\/taste-it.ca\/fr\/wp-json\/wp\/v2\/product_cat?post=36999"},{"taxonomy":"product_tag","embeddable":true,"href":"https:\/\/taste-it.ca\/fr\/wp-json\/wp\/v2\/product_tag?post=36999"}],"curies":[{"name":"wp","href":"https:\/\/api.w.org\/{rel}","templated":true}]}}