{"id":36993,"date":"2023-06-12T15:18:55","date_gmt":"2023-06-12T19:18:55","guid":{"rendered":"https:\/\/taste-it.ca\/product\/bouteille-en-verre-ambre-avec-compte-gouttes-en-verre-noir-crc-1-unite-30-ml\/"},"modified":"2026-04-02T07:53:29","modified_gmt":"2026-04-02T11:53:29","slug":"bouteille-en-verre-ambre-avec-compte-gouttes-en-verre-noir-crc-1-unite-30-ml","status":"publish","type":"product","link":"https:\/\/taste-it.ca\/fr\/product\/bouteille-en-verre-ambre-avec-compte-gouttes-en-verre-noir-crc-1-unite-30-ml\/","title":{"rendered":"Bouteille en verre ambr\u00e9 avec compte-gouttes en verre noir CRC &#8211; 1 unit\u00e9, 30 mL"},"content":{"rendered":"<p>Le [&#8230;]\u00e8le en verre <strong>ambre<\/strong> est une bouteille sp\u00e9ciale pour les <strong>[&#8230;]s DIY<\/strong>.<\/p>\n<p>La bouteille est livr\u00e9e avec une pipette en verre.<\/p>\n","protected":false},"excerpt":{"rendered":"<p>Bouteille en verre ambr\u00e9 avec pipette en verre.<\/p>\n","protected":false},"featured_media":36742,"comment_status":"open","ping_status":"closed","template":"","meta":[],"product_brand":[],"product_cat":[2714,2678],"product_tag":[],"class_list":{"0":"post-36993","1":"product","2":"type-product","3":"status-publish","4":"has-post-thumbnail","6":"product_cat-bouteilles-en-verre","7":"product_cat-equipments-fr","8":"yith_product_brand-sans-marque","10":"first","11":"instock","12":"taxable","13":"shipping-taxable","14":"purchasable","15":"product-type-simple"},"_links":{"self":[{"href":"https:\/\/taste-it.ca\/fr\/wp-json\/wp\/v2\/product\/36993","targetHints":{"allow":["GET"]}}],"collection":[{"href":"https:\/\/taste-it.ca\/fr\/wp-json\/wp\/v2\/product"}],"about":[{"href":"https:\/\/taste-it.ca\/fr\/wp-json\/wp\/v2\/types\/product"}],"replies":[{"embeddable":true,"href":"https:\/\/taste-it.ca\/fr\/wp-json\/wp\/v2\/comments?post=36993"}],"wp:featuredmedia":[{"embeddable":true,"href":"https:\/\/taste-it.ca\/fr\/wp-json\/wp\/v2\/media\/36742"}],"wp:attachment":[{"href":"https:\/\/taste-it.ca\/fr\/wp-json\/wp\/v2\/media?parent=36993"}],"wp:term":[{"taxonomy":"product_brand","embeddable":true,"href":"https:\/\/taste-it.ca\/fr\/wp-json\/wp\/v2\/product_brand?post=36993"},{"taxonomy":"product_cat","embeddable":true,"href":"https:\/\/taste-it.ca\/fr\/wp-json\/wp\/v2\/product_cat?post=36993"},{"taxonomy":"product_tag","embeddable":true,"href":"https:\/\/taste-it.ca\/fr\/wp-json\/wp\/v2\/product_tag?post=36993"}],"curies":[{"name":"wp","href":"https:\/\/api.w.org\/{rel}","templated":true}]}}