{"id":36984,"date":"2023-06-12T15:19:00","date_gmt":"2023-06-12T19:19:00","guid":{"rendered":"https:\/\/taste-it.ca\/product\/boston-round-pet-bottle-by-jean-cloud-vape-125ml\/"},"modified":"2026-04-02T07:53:25","modified_gmt":"2026-04-02T11:53:25","slug":"boston-round-pet-bottle-by-jean-cloud-vape-125ml","status":"publish","type":"product","link":"https:\/\/taste-it.ca\/fr\/product\/boston-round-pet-bottle-by-jean-cloud-vape-125ml\/","title":{"rendered":"Boston Round PET Bottle by Jean Cloud Vape &#8211; 125mL"},"content":{"rendered":"<p>Une bouteille en plastique <strong>PET<\/strong> r\u00e9sistante pour tous vos <strong>projets DIY<\/strong>.<\/p>\n<p>Sp\u00e9cialement con\u00e7ue pour contenir des m\u00e9langes DIY.<\/p>\n<p>Vendue avec son bouchon de s\u00e9curit\u00e9 pour enfant.<\/p>\n<p>Bouteille compatible avec les <strong>bouchons \u00e0 visser<\/strong>.<\/p>\n","protected":false},"excerpt":{"rendered":"<p>Une bouteille en plastique PET, avec son bouchon, r\u00e9sistante pour tous vos projets DIY.<\/p>\n","protected":false},"featured_media":36720,"comment_status":"open","ping_status":"closed","template":"","meta":[],"product_brand":[],"product_cat":[2679,2716,2678],"product_tag":[],"class_list":{"0":"post-36984","1":"product","2":"type-product","3":"status-publish","4":"has-post-thumbnail","6":"product_cat-bouteilles","7":"product_cat-bouteilles-pet","8":"product_cat-equipments-fr","9":"yith_product_brand-sans-marque","11":"first","12":"outofstock","13":"taxable","14":"shipping-taxable","15":"purchasable","16":"product-type-simple"},"_links":{"self":[{"href":"https:\/\/taste-it.ca\/fr\/wp-json\/wp\/v2\/product\/36984","targetHints":{"allow":["GET"]}}],"collection":[{"href":"https:\/\/taste-it.ca\/fr\/wp-json\/wp\/v2\/product"}],"about":[{"href":"https:\/\/taste-it.ca\/fr\/wp-json\/wp\/v2\/types\/product"}],"replies":[{"embeddable":true,"href":"https:\/\/taste-it.ca\/fr\/wp-json\/wp\/v2\/comments?post=36984"}],"wp:featuredmedia":[{"embeddable":true,"href":"https:\/\/taste-it.ca\/fr\/wp-json\/wp\/v2\/media\/36720"}],"wp:attachment":[{"href":"https:\/\/taste-it.ca\/fr\/wp-json\/wp\/v2\/media?parent=36984"}],"wp:term":[{"taxonomy":"product_brand","embeddable":true,"href":"https:\/\/taste-it.ca\/fr\/wp-json\/wp\/v2\/product_brand?post=36984"},{"taxonomy":"product_cat","embeddable":true,"href":"https:\/\/taste-it.ca\/fr\/wp-json\/wp\/v2\/product_cat?post=36984"},{"taxonomy":"product_tag","embeddable":true,"href":"https:\/\/taste-it.ca\/fr\/wp-json\/wp\/v2\/product_tag?post=36984"}],"curies":[{"name":"wp","href":"https:\/\/api.w.org\/{rel}","templated":true}]}}