{"id":36982,"date":"2023-06-12T15:19:01","date_gmt":"2023-06-12T19:19:01","guid":{"rendered":"https:\/\/taste-it.ca\/product\/bouteille-en-pet-avec-bouchon-a-visser-120-ml\/"},"modified":"2024-10-22T10:57:22","modified_gmt":"2024-10-22T14:57:22","slug":"bouteille-en-pet-avec-bouchon-a-visser-125-ml","status":"publish","type":"product","link":"https:\/\/taste-it.ca\/fr\/product\/bouteille-en-pet-avec-bouchon-a-visser-125-ml\/","title":{"rendered":"Bouteille en PET avec bouchon \u00e0 visser &#8211; 125 mL"},"content":{"rendered":"<p>Bouteille vide en plastique PET (plastique tr\u00e8s solide et durable) livr\u00e9e avec un bouchon \u00e0 visser pour un remplissage et un versement faciles.<\/p>\n","protected":false},"excerpt":{"rendered":"<p>Bouteille vide en plastique PET (plastique tr\u00e8s solide et durable) livr\u00e9e avec un bouchon \u00e0 visser pour un remplissage et un versement faciles.<\/p>\n","protected":false},"featured_media":36717,"comment_status":"open","ping_status":"closed","template":"","meta":[],"product_brand":[],"product_cat":[2679,2716,2678],"product_tag":[],"class_list":{"0":"post-36982","1":"product","2":"type-product","3":"status-publish","4":"has-post-thumbnail","6":"product_cat-bouteilles","7":"product_cat-bouteilles-pet","8":"product_cat-equipments-fr","9":"yith_product_brand-sans-marque","11":"first","12":"instock","13":"taxable","14":"shipping-taxable","15":"purchasable","16":"product-type-simple"},"_links":{"self":[{"href":"https:\/\/taste-it.ca\/fr\/wp-json\/wp\/v2\/product\/36982","targetHints":{"allow":["GET"]}}],"collection":[{"href":"https:\/\/taste-it.ca\/fr\/wp-json\/wp\/v2\/product"}],"about":[{"href":"https:\/\/taste-it.ca\/fr\/wp-json\/wp\/v2\/types\/product"}],"replies":[{"embeddable":true,"href":"https:\/\/taste-it.ca\/fr\/wp-json\/wp\/v2\/comments?post=36982"}],"wp:featuredmedia":[{"embeddable":true,"href":"https:\/\/taste-it.ca\/fr\/wp-json\/wp\/v2\/media\/36717"}],"wp:attachment":[{"href":"https:\/\/taste-it.ca\/fr\/wp-json\/wp\/v2\/media?parent=36982"}],"wp:term":[{"taxonomy":"product_brand","embeddable":true,"href":"https:\/\/taste-it.ca\/fr\/wp-json\/wp\/v2\/product_brand?post=36982"},{"taxonomy":"product_cat","embeddable":true,"href":"https:\/\/taste-it.ca\/fr\/wp-json\/wp\/v2\/product_cat?post=36982"},{"taxonomy":"product_tag","embeddable":true,"href":"https:\/\/taste-it.ca\/fr\/wp-json\/wp\/v2\/product_tag?post=36982"}],"curies":[{"name":"wp","href":"https:\/\/api.w.org\/{rel}","templated":true}]}}