{"id":36968,"date":"2023-06-12T15:19:11","date_gmt":"2023-06-12T19:19:11","guid":{"rendered":"https:\/\/taste-it.ca\/product\/bouteille-ronde-compressible-de-type-boston-16-oz-472-ml\/"},"modified":"2023-06-12T15:19:11","modified_gmt":"2023-06-12T19:19:11","slug":"bouteille-ronde-compressible-de-type-boston-16-oz-472-ml","status":"publish","type":"product","link":"https:\/\/taste-it.ca\/fr\/product\/bouteille-ronde-compressible-de-type-boston-16-oz-472-ml\/","title":{"rendered":"Bouteille ronde compressible de type Boston &#8211; 16 oz (472 ml)"},"content":{"rendered":"<p><strong>Bouteille ronde compressible<\/strong> de type Boston, en <strong>PEBD<\/strong> (poly\u00e9thyl\u00e8ne basse densit\u00e9), <strong>souple et opaque.<\/strong> Parfaite pour vos projets de bricolage.<\/p>\n","protected":false},"excerpt":{"rendered":"<p><strong>Bouteille ronde compressible<\/strong> de type Boston, en <strong>PEBD<\/strong> (poly\u00e9thyl\u00e8ne basse densit\u00e9), <strong>souple et opaque.<\/strong> Parfaite pour vos projets de bricolage.<\/p>\n","protected":false},"featured_media":36695,"comment_status":"open","ping_status":"closed","template":"","meta":[],"product_brand":[],"product_cat":[2679,2715,2678],"product_tag":[],"class_list":{"0":"post-36968","1":"product","2":"type-product","3":"status-publish","4":"has-post-thumbnail","6":"product_cat-bouteilles","7":"product_cat-bouteilles-pebd","8":"product_cat-equipments-fr","9":"yith_product_brand-sans-marque","11":"first","12":"instock","13":"taxable","14":"shipping-taxable","15":"purchasable","16":"product-type-simple"},"_links":{"self":[{"href":"https:\/\/taste-it.ca\/fr\/wp-json\/wp\/v2\/product\/36968","targetHints":{"allow":["GET"]}}],"collection":[{"href":"https:\/\/taste-it.ca\/fr\/wp-json\/wp\/v2\/product"}],"about":[{"href":"https:\/\/taste-it.ca\/fr\/wp-json\/wp\/v2\/types\/product"}],"replies":[{"embeddable":true,"href":"https:\/\/taste-it.ca\/fr\/wp-json\/wp\/v2\/comments?post=36968"}],"wp:featuredmedia":[{"embeddable":true,"href":"https:\/\/taste-it.ca\/fr\/wp-json\/wp\/v2\/media\/36695"}],"wp:attachment":[{"href":"https:\/\/taste-it.ca\/fr\/wp-json\/wp\/v2\/media?parent=36968"}],"wp:term":[{"taxonomy":"product_brand","embeddable":true,"href":"https:\/\/taste-it.ca\/fr\/wp-json\/wp\/v2\/product_brand?post=36968"},{"taxonomy":"product_cat","embeddable":true,"href":"https:\/\/taste-it.ca\/fr\/wp-json\/wp\/v2\/product_cat?post=36968"},{"taxonomy":"product_tag","embeddable":true,"href":"https:\/\/taste-it.ca\/fr\/wp-json\/wp\/v2\/product_tag?post=36968"}],"curies":[{"name":"wp","href":"https:\/\/api.w.org\/{rel}","templated":true}]}}