{"id":36949,"date":"2023-06-12T15:19:17","date_gmt":"2023-06-12T19:19:17","guid":{"rendered":"https:\/\/taste-it.ca\/product\/bouteille-souple-opaque-en-ldpe-par-jean-cloud-vape-30-ml\/"},"modified":"2025-04-07T13:23:23","modified_gmt":"2025-04-07T17:23:23","slug":"bouteille-souple-opaque-en-ldpe-par-jean-cloud-vape-30-ml","status":"publish","type":"product","link":"https:\/\/taste-it.ca\/fr\/product\/bouteille-souple-opaque-en-ldpe-par-jean-cloud-vape-30-ml\/","title":{"rendered":"Bouteille souple opaque en LDPE par Taste it &#8211; 30 mL"},"content":{"rendered":"<p>Ces bouteilles sont destin\u00e9es \u00e0 la pr\u00e9paration de vos <strong>m\u00e9langes DIY<\/strong>.<\/p>\n<p>Elles sont fabriqu\u00e9es en plastique <strong>LDPE<\/strong> (plastique souple) et sont conformes aux normes de l&rsquo;industrie.<\/p>\n<p>Vendues avec leur compte-gouttes et leur bouchon de s\u00e9curit\u00e9 pour enfant.<\/p>\n","protected":false},"excerpt":{"rendered":"<p>Un bouchon \u00e0 visser de type Twist Cap qui convient aux bouteilles en plastique de type Boston Round (PET) et aux bouteilles en plastique de type cylindre (PET).<\/p>\n","protected":false},"featured_media":36646,"comment_status":"open","ping_status":"closed","template":"","meta":[],"product_brand":[],"product_cat":[2679,2715,2678],"product_tag":[],"class_list":{"0":"post-36949","1":"product","2":"type-product","3":"status-publish","4":"has-post-thumbnail","6":"product_cat-bouteilles","7":"product_cat-bouteilles-pebd","8":"product_cat-equipments-fr","9":"yith_product_brand-sans-marque","11":"first","12":"instock","13":"taxable","14":"shipping-taxable","15":"purchasable","16":"product-type-simple"},"_links":{"self":[{"href":"https:\/\/taste-it.ca\/fr\/wp-json\/wp\/v2\/product\/36949","targetHints":{"allow":["GET"]}}],"collection":[{"href":"https:\/\/taste-it.ca\/fr\/wp-json\/wp\/v2\/product"}],"about":[{"href":"https:\/\/taste-it.ca\/fr\/wp-json\/wp\/v2\/types\/product"}],"replies":[{"embeddable":true,"href":"https:\/\/taste-it.ca\/fr\/wp-json\/wp\/v2\/comments?post=36949"}],"wp:featuredmedia":[{"embeddable":true,"href":"https:\/\/taste-it.ca\/fr\/wp-json\/wp\/v2\/media\/36646"}],"wp:attachment":[{"href":"https:\/\/taste-it.ca\/fr\/wp-json\/wp\/v2\/media?parent=36949"}],"wp:term":[{"taxonomy":"product_brand","embeddable":true,"href":"https:\/\/taste-it.ca\/fr\/wp-json\/wp\/v2\/product_brand?post=36949"},{"taxonomy":"product_cat","embeddable":true,"href":"https:\/\/taste-it.ca\/fr\/wp-json\/wp\/v2\/product_cat?post=36949"},{"taxonomy":"product_tag","embeddable":true,"href":"https:\/\/taste-it.ca\/fr\/wp-json\/wp\/v2\/product_tag?post=36949"}],"curies":[{"name":"wp","href":"https:\/\/api.w.org\/{rel}","templated":true}]}}