{"id":36946,"date":"2023-06-12T15:19:19","date_gmt":"2023-06-12T19:19:19","guid":{"rendered":"https:\/\/taste-it.ca\/product\/bouteilles-cylindriques-naturelles-16oz-environ-500-ml\/"},"modified":"2026-04-02T07:53:16","modified_gmt":"2026-04-02T11:53:16","slug":"bouteilles-cylindriques-naturelles-16oz-environ-500-ml","status":"publish","type":"product","link":"https:\/\/taste-it.ca\/fr\/product\/bouteilles-cylindriques-naturelles-16oz-environ-500-ml\/","title":{"rendered":"Bouteilles cylindriques naturelles &#8211; 16oz (environ 500 ml)"},"content":{"rendered":"<p>Bouteilles cylindriques naturelles &#8211; Bouchon \u00e0 ouverture flip-top<\/p>\n<p>Stockez ou distribuez facilement vos [&#8230;]s avec ces r\u00e9cipients pratiques et rechargeables.<\/p>\n<p>Convient pour une utilisation dans les domaines pharmaceutique, laboratoire et cosm\u00e9tique.<\/p>\n<p>Fabriqu\u00e9es en HDPE translucide r\u00e9sistant aux chocs.<\/p>\n<p>Conforme aux normes de la FDA.<\/p>\n<p>Bouchons inclus.<\/p>\n<p>DIMENSIONS :<\/p>\n<p>Diam\u00e8tre du bouchon : 21 mm<\/p>\n<p>Ouverture du bouchon \u00e0 ouverture flip-top : 3 mm<\/p>\n<p>UTILISATION :<\/p>\n<p>Non \u00e9tanches.<\/p>\n<p>R\u00c9GLEMENTATION :<\/p>\n<p>Avant d&rsquo;utiliser un produit vendu par nous, comme les bouteilles cylindriques naturelles, les utilisateurs doivent faire leur propre d\u00e9termination ind\u00e9pendante que le produit convient \u00e0 l&rsquo;utilisation pr\u00e9vue et peut \u00eatre utilis\u00e9 en toute s\u00e9curit\u00e9 et l\u00e9galement. Le vendeur ne donne aucune garantie, expresse ou implicite (y compris toute garantie de qualit\u00e9 marchande ou d&rsquo;aptitude \u00e0 un usage particulier) autre que celles convenues s\u00e9par\u00e9ment entre les parties par \u00e9crit. Ce(s) produit(s) ne peut \u00eatre utilis\u00e9 dans la fabrication d&rsquo;aucun dispositif m\u00e9dical de Classe III de la FDA am\u00e9ricaine ou d&rsquo;aucun dispositif m\u00e9dical de Classe IV de Sant\u00e9 Canada, et ne peut \u00eatre utilis\u00e9 dans la fabrication d&rsquo;aucun dispositif m\u00e9dical de Classe II de la FDA am\u00e9ricaine ou d&rsquo;aucun dispositif m\u00e9dical de Classe II de Sant\u00e9 Canada sans l&rsquo;approbation pr\u00e9alable \u00e9crite du vendeur pour chaque produit ou application sp\u00e9cifique.<\/p>\n<p>SP\u00c9CIFICATIONS :<\/p>\n<p>Sans BPA.<\/p>\n","protected":false},"excerpt":{"rendered":"<p>Pour une utilisation dans les domaines pharmaceutique, laboratoire et cosm\u00e9tique.<\/p>\n","protected":false},"featured_media":36643,"comment_status":"open","ping_status":"closed","template":"","meta":[],"product_brand":[],"product_cat":[2679,2715,2678],"product_tag":[],"class_list":{"0":"post-36946","1":"product","2":"type-product","3":"status-publish","4":"has-post-thumbnail","6":"product_cat-bouteilles","7":"product_cat-bouteilles-pebd","8":"product_cat-equipments-fr","9":"yith_product_brand-sans-marque","11":"first","12":"instock","13":"taxable","14":"shipping-taxable","15":"purchasable","16":"product-type-simple"},"_links":{"self":[{"href":"https:\/\/taste-it.ca\/fr\/wp-json\/wp\/v2\/product\/36946","targetHints":{"allow":["GET"]}}],"collection":[{"href":"https:\/\/taste-it.ca\/fr\/wp-json\/wp\/v2\/product"}],"about":[{"href":"https:\/\/taste-it.ca\/fr\/wp-json\/wp\/v2\/types\/product"}],"replies":[{"embeddable":true,"href":"https:\/\/taste-it.ca\/fr\/wp-json\/wp\/v2\/comments?post=36946"}],"wp:featuredmedia":[{"embeddable":true,"href":"https:\/\/taste-it.ca\/fr\/wp-json\/wp\/v2\/media\/36643"}],"wp:attachment":[{"href":"https:\/\/taste-it.ca\/fr\/wp-json\/wp\/v2\/media?parent=36946"}],"wp:term":[{"taxonomy":"product_brand","embeddable":true,"href":"https:\/\/taste-it.ca\/fr\/wp-json\/wp\/v2\/product_brand?post=36946"},{"taxonomy":"product_cat","embeddable":true,"href":"https:\/\/taste-it.ca\/fr\/wp-json\/wp\/v2\/product_cat?post=36946"},{"taxonomy":"product_tag","embeddable":true,"href":"https:\/\/taste-it.ca\/fr\/wp-json\/wp\/v2\/product_tag?post=36946"}],"curies":[{"name":"wp","href":"https:\/\/api.w.org\/{rel}","templated":true}]}}