{"id":36939,"date":"2023-06-12T15:19:27","date_gmt":"2023-06-12T19:19:27","guid":{"rendered":"https:\/\/taste-it.ca\/product\/bouteille-unicorn-souple-transparente-rose-60-ml-de-chubby-gorilla\/"},"modified":"2025-06-16T16:38:00","modified_gmt":"2025-06-16T20:38:00","slug":"bouteille-unicorn-souple-transparente-rose-60-ml-de-chubby-gorilla","status":"publish","type":"product","link":"https:\/\/taste-it.ca\/fr\/product\/bouteille-unicorn-souple-transparente-rose-60-ml-de-chubby-gorilla\/","title":{"rendered":"Bouteille unicorn souple transparente rose (60 mL) de Chubby Gorilla"},"content":{"rendered":"<p>Les bouteilles unicorn LDPE de Chubby Gorilla sont sp\u00e9cialement con\u00e7ues pour vos liquides pr\u00e9f\u00e9r\u00e9s.<\/p>\n","protected":false},"excerpt":{"rendered":"<p>Les bouteilles unicorn LDPE de Chubby Gorilla sont sp\u00e9cialement con\u00e7ues pour vos liquides pr\u00e9f\u00e9r\u00e9s.<\/p>\n","protected":false},"featured_media":36623,"comment_status":"open","ping_status":"closed","template":"","meta":[],"product_brand":[],"product_cat":[2679,2715,2678],"product_tag":[],"class_list":{"0":"post-36939","1":"product","2":"type-product","3":"status-publish","4":"has-post-thumbnail","6":"product_cat-bouteilles","7":"product_cat-bouteilles-pebd","8":"product_cat-equipments-fr","9":"yith_product_brand-chubby-gorilla-fr","11":"first","12":"outofstock","13":"taxable","14":"shipping-taxable","15":"purchasable","16":"product-type-simple"},"_links":{"self":[{"href":"https:\/\/taste-it.ca\/fr\/wp-json\/wp\/v2\/product\/36939","targetHints":{"allow":["GET"]}}],"collection":[{"href":"https:\/\/taste-it.ca\/fr\/wp-json\/wp\/v2\/product"}],"about":[{"href":"https:\/\/taste-it.ca\/fr\/wp-json\/wp\/v2\/types\/product"}],"replies":[{"embeddable":true,"href":"https:\/\/taste-it.ca\/fr\/wp-json\/wp\/v2\/comments?post=36939"}],"wp:featuredmedia":[{"embeddable":true,"href":"https:\/\/taste-it.ca\/fr\/wp-json\/wp\/v2\/media\/36623"}],"wp:attachment":[{"href":"https:\/\/taste-it.ca\/fr\/wp-json\/wp\/v2\/media?parent=36939"}],"wp:term":[{"taxonomy":"product_brand","embeddable":true,"href":"https:\/\/taste-it.ca\/fr\/wp-json\/wp\/v2\/product_brand?post=36939"},{"taxonomy":"product_cat","embeddable":true,"href":"https:\/\/taste-it.ca\/fr\/wp-json\/wp\/v2\/product_cat?post=36939"},{"taxonomy":"product_tag","embeddable":true,"href":"https:\/\/taste-it.ca\/fr\/wp-json\/wp\/v2\/product_tag?post=36939"}],"curies":[{"name":"wp","href":"https:\/\/api.w.org\/{rel}","templated":true}]}}