{"id":36935,"date":"2023-06-12T15:19:28","date_gmt":"2023-06-12T19:19:28","guid":{"rendered":"https:\/\/taste-it.ca\/product\/compte-gouttes-en-plastique-de-thermo-fischer-1-5-ml\/"},"modified":"2023-06-12T15:19:28","modified_gmt":"2023-06-12T19:19:28","slug":"compte-gouttes-en-plastique-de-thermo-fischer-1-5-ml","status":"publish","type":"product","link":"https:\/\/taste-it.ca\/fr\/product\/compte-gouttes-en-plastique-de-thermo-fischer-1-5-ml\/","title":{"rendered":"Compte-gouttes en plastique de Thermo Fischer &#8211; 1.5 mL"},"content":{"rendered":"<p>Compte-gouttes en plastique pour faciliter la pr\u00e9paration de recettes (pour le transfert d&rsquo;ar\u00f4mes). Fabriqu\u00e9s aux \u00c9tats-Unis par Thermo Fischer.<\/p>\n","protected":false},"excerpt":{"rendered":"<p>Compte-gouttes en plastique pour faciliter la pr\u00e9paration de recettes (pour le transfert d&rsquo;ar\u00f4mes). Fabriqu\u00e9s aux \u00c9tats-Unis par Thermo Fischer.<\/p>\n","protected":false},"featured_media":36617,"comment_status":"open","ping_status":"closed","template":"","meta":[],"product_brand":[],"product_cat":[2680,2678],"product_tag":[],"class_list":{"0":"post-36935","1":"product","2":"type-product","3":"status-publish","4":"has-post-thumbnail","6":"product_cat-compte-gouttes","7":"product_cat-equipments-fr","8":"yith_product_brand-thermo-fischer-fr","10":"first","11":"instock","12":"taxable","13":"shipping-taxable","14":"purchasable","15":"product-type-simple"},"_links":{"self":[{"href":"https:\/\/taste-it.ca\/fr\/wp-json\/wp\/v2\/product\/36935","targetHints":{"allow":["GET"]}}],"collection":[{"href":"https:\/\/taste-it.ca\/fr\/wp-json\/wp\/v2\/product"}],"about":[{"href":"https:\/\/taste-it.ca\/fr\/wp-json\/wp\/v2\/types\/product"}],"replies":[{"embeddable":true,"href":"https:\/\/taste-it.ca\/fr\/wp-json\/wp\/v2\/comments?post=36935"}],"wp:featuredmedia":[{"embeddable":true,"href":"https:\/\/taste-it.ca\/fr\/wp-json\/wp\/v2\/media\/36617"}],"wp:attachment":[{"href":"https:\/\/taste-it.ca\/fr\/wp-json\/wp\/v2\/media?parent=36935"}],"wp:term":[{"taxonomy":"product_brand","embeddable":true,"href":"https:\/\/taste-it.ca\/fr\/wp-json\/wp\/v2\/product_brand?post=36935"},{"taxonomy":"product_cat","embeddable":true,"href":"https:\/\/taste-it.ca\/fr\/wp-json\/wp\/v2\/product_cat?post=36935"},{"taxonomy":"product_tag","embeddable":true,"href":"https:\/\/taste-it.ca\/fr\/wp-json\/wp\/v2\/product_tag?post=36935"}],"curies":[{"name":"wp","href":"https:\/\/api.w.org\/{rel}","templated":true}]}}