{"id":36930,"date":"2023-06-12T15:19:30","date_gmt":"2023-06-12T19:19:30","guid":{"rendered":"https:\/\/taste-it.ca\/product\/bouteille-unicorn-clear-v3-de-chubby-gorilla-100-ml\/"},"modified":"2026-04-02T07:53:11","modified_gmt":"2026-04-02T11:53:11","slug":"bouteille-unicorn-clear-v3-de-chubby-gorilla-100-ml","status":"publish","type":"product","link":"https:\/\/taste-it.ca\/fr\/product\/bouteille-unicorn-clear-v3-de-chubby-gorilla-100-ml\/","title":{"rendered":"Bouteille Unicorn Clear V3 de Chubby Gorilla &#8211; 100 mL"},"content":{"rendered":"<ul>\n<li>Bouteille unicorn vide<\/li>\n<li>Facile \u00e0 remplir et \u00e0 nettoyer<\/li>\n<li>Un incontournable absolu pour les [&#8230;]s DIY<\/li>\n<\/ul>\n<div class=\"abt_blk_1\">\n<div class=\"abt_blk_1-left\">\n<p><strong>Chubby Gorilla<\/strong> a \u00e9t\u00e9 fond\u00e9 sur une id\u00e9e assez simple : cr\u00e9er des produits que les gens adorent utiliser. C&rsquo;est pourquoi notre mission est \u00ab\u00a0Con\u00e7u dans un but, con\u00e7u pour un but.\u00a0\u00bb Chaque jour, cette d\u00e9claration simple guide chacune de nos d\u00e9cisions, des mat\u00e9riaux de haute qualit\u00e9 que nous utilisons \u00e0 la mani\u00e8re dont nos talentueux ing\u00e9nieurs construisent nos produits. Nous restons concentr\u00e9s sur ce seul objectif : cr\u00e9er des produits que les gens adorent utiliser.<\/p>\n<p>Chez Chubby Gorilla, cette mission se concr\u00e9tise de mani\u00e8re tr\u00e8s int\u00e9ressante et passionnante, ce qui est in\u00e9dit dans notre secteur. Tout d&rsquo;abord, tous nos produits sont con\u00e7us et fabriqu\u00e9s ici, en Californie. Nous avons une \u00e9quipe de concepteurs, d&rsquo;ing\u00e9nieurs de produits et de sp\u00e9cialistes de l&rsquo;assurance qualit\u00e9 dont le seul travail est de s&rsquo;assurer que chaque unit\u00e9 exp\u00e9di\u00e9e \u00e0 nos clients du monde entier est parfaite. Ensuite, notre \u00e9quipe poss\u00e8de des d\u00e9cennies d&rsquo;exp\u00e9rience et de passion combin\u00e9es dans l&rsquo;industrie, ce qui leur permet de produire des produits de qualit\u00e9 r\u00e9pondant \u00e0 des besoins pr\u00e9cis et non satisfaits sur notre march\u00e9. Enfin, les mat\u00e9riaux et la construction de nos produits sont tous ax\u00e9s sur la com[&#8230;]it\u00e9 et le plaisir de nos utilisateurs finaux. De la conception sans fuite et des tests d&rsquo;\u00e9tanch\u00e9it\u00e9 \u00e0 la pointe fine et au design fin, tout dans nos produits vise \u00e0 faire tomber nos clients amoureux de nos produits.<\/p>\n<div class=\"abt_blk_2\">\n<p><strong>MISSION<\/strong><\/p>\n<p>La mission de Chubby Gorilla est \u00ab\u00a0Con\u00e7u dans un but, con\u00e7u pour un but\u00a0\u00bb. Nous ne lan\u00e7ons pas ces mots \u00e0 la l\u00e9g\u00e8re. Nous savons que nos clients ont de nombreuses options \u00e0 leur disposition, c&rsquo;est pourquoi nous prenons chaque syllabe de cette d\u00e9claration tr\u00e8s au s\u00e9rieux. Lorsque nos clients ouvrent une bo\u00eete de nos produits, nous voulons que cela soit une exp\u00e9rience unique et in\u00e9gal\u00e9e, et voici comment nous y parvenons.<\/p>\n<p><strong>CON\u00c7U DANS UN BUT<\/strong><\/p>\n<p>Lorsque vous rencontrez une entreprise dont le seul but est de vous prendre votre argent, vous le savez. Il y a quelque chose dans un produit qui a \u00e9t\u00e9 fabriqu\u00e9 \u00ab\u00a0juste assez bien\u00a0\u00bb et les clients peuvent le sentir \u00e0 des kilom\u00e8tres. Chez Chubby Gorilla, notre objectif en mati\u00e8re d&rsquo;ing\u00e9nierie est de cr\u00e9er un produit qui soit le meilleur, qui ne d\u00e9cevra pas nos clients et qui les enthousiasmera pour ce qu&rsquo;il contient. Pour ce faire, nous gardons tous nos ing\u00e9nieurs sous un m\u00eame toit, ici en Californie. De plus, nous travaillons avec des ing\u00e9nieurs qui ont non seulement de l&rsquo;exp\u00e9rience dans notre secteur, mais qui sont passionn\u00e9s par celui-ci.Cela permet une attention sans pr\u00e9c\u00e9dent aux d\u00e9tails, le partage d&rsquo;exp\u00e9rience et, en fin de compte, un produit bien meilleur pour nos fid\u00e8les clients.<\/p>\n<p><strong>CON\u00c7U DANS UN BUT<\/strong><\/p>\n<p>En ce qui concerne la conception de nos produits, notre engagement envers l&rsquo;objectif ultime est in\u00e9branlable. De la circonf\u00e9rence sp\u00e9cifique de nos bouteilles aux types de capuchons que nous utilisons et \u00e0 l&#8217;emplacement de notre logo exclusif : tout reste ax\u00e9 sur le but pr\u00e9cis de faire tomber nos clients amoureux de nos produits. L&rsquo;une des meilleures fa\u00e7ons d&rsquo;y parvenir est de travailler avec des designers qui, comme nos ing\u00e9nieurs, sont de v\u00e9ritables passionn\u00e9s de notre industrie. Parce qu&rsquo;ils utilisent nos produits et explorent constamment de nouvelles m\u00e9thodologies de conception.<\/p>\n","protected":false},"excerpt":{"rendered":"<p>Bouteille en plastique PET V3 de Chubby Gorilla avec capuchon. Parfaite pour les recettes DIY.<\/p>\n","protected":false},"featured_media":38018,"comment_status":"open","ping_status":"closed","template":"","meta":[],"product_brand":[],"product_cat":[2679,2716,2678],"product_tag":[],"class_list":{"0":"post-36930","1":"product","2":"type-product","3":"status-publish","4":"has-post-thumbnail","6":"product_cat-bouteilles","7":"product_cat-bouteilles-pet","8":"product_cat-equipments-fr","9":"yith_product_brand-chubby-gorilla-fr","11":"first","12":"instock","13":"taxable","14":"shipping-taxable","15":"purchasable","16":"product-type-simple"},"_links":{"self":[{"href":"https:\/\/taste-it.ca\/fr\/wp-json\/wp\/v2\/product\/36930","targetHints":{"allow":["GET"]}}],"collection":[{"href":"https:\/\/taste-it.ca\/fr\/wp-json\/wp\/v2\/product"}],"about":[{"href":"https:\/\/taste-it.ca\/fr\/wp-json\/wp\/v2\/types\/product"}],"replies":[{"embeddable":true,"href":"https:\/\/taste-it.ca\/fr\/wp-json\/wp\/v2\/comments?post=36930"}],"wp:featuredmedia":[{"embeddable":true,"href":"https:\/\/taste-it.ca\/fr\/wp-json\/wp\/v2\/media\/38018"}],"wp:attachment":[{"href":"https:\/\/taste-it.ca\/fr\/wp-json\/wp\/v2\/media?parent=36930"}],"wp:term":[{"taxonomy":"product_brand","embeddable":true,"href":"https:\/\/taste-it.ca\/fr\/wp-json\/wp\/v2\/product_brand?post=36930"},{"taxonomy":"product_cat","embeddable":true,"href":"https:\/\/taste-it.ca\/fr\/wp-json\/wp\/v2\/product_cat?post=36930"},{"taxonomy":"product_tag","embeddable":true,"href":"https:\/\/taste-it.ca\/fr\/wp-json\/wp\/v2\/product_tag?post=36930"}],"curies":[{"name":"wp","href":"https:\/\/api.w.org\/{rel}","templated":true}]}}