{"id":36927,"date":"2023-06-14T08:37:43","date_gmt":"2023-06-14T12:37:43","guid":{"rendered":"https:\/\/taste-it.ca\/product\/lot-de-3-seringues-en-verre-luer-lock-de-1-ml\/"},"modified":"2023-06-14T08:37:43","modified_gmt":"2023-06-14T12:37:43","slug":"lot-de-3-seringues-en-verre-luer-lock-de-1-ml","status":"publish","type":"product","link":"https:\/\/taste-it.ca\/fr\/product\/lot-de-3-seringues-en-verre-luer-lock-de-1-ml\/","title":{"rendered":"Lot de 3 seringues en verre Luer Lock de 1 mL"},"content":{"rendered":"<p>Seringue en verre de 1 ml avec embout Luer en verre borosilicate. Incorporant les derni\u00e8res avanc\u00e9es en mati\u00e8re de s\u00e9curit\u00e9 enfant, ces seringues applicatrices en verre de 1 ml avec embout Luer sont parfaites pour une utilisation \u00e0 domicile ou professionnelle.<br \/>\nL&#8217;embout Luer inclus utilise une technologie de pointe pour maintenir les seringues herm\u00e9tiques. Fabriqu\u00e9e en verre borosilicate de haute qualit\u00e9 r\u00e9sistant \u00e0 la chaleur, chaque seringue est de qualit\u00e9 m\u00e9dicale, ultra-hygi\u00e9nique et facile \u00e0 nettoyer.<br \/>\nL&rsquo;entretien est encore plus facile gr\u00e2ce au d\u00e9montage facile de la seringue qui peut \u00eatre s\u00e9par\u00e9e en 3 pi\u00e8ces distinctes. L&rsquo;application est simple et contr\u00f4l\u00e9e, r\u00e9duisant les d\u00e9g\u00e2ts et le gaspillage !<\/p>\n<ul class=\"a-unordered-list a-vertical a-spacing-none\">\n<li><span class=\"a-list-item\">Seringue en verre r\u00e9utilisable de qualit\u00e9 sup\u00e9rieure de 1 mL avec embout Luer Lock.<\/span><\/li>\n<li><span class=\"a-list-item\">Comprend un embout de fermeture refermable.<\/span><\/li>\n<li><span class=\"a-list-item\">Sp\u00e9cialement con\u00e7u avec des sons d&rsquo;alerte pour garantir une fermeture compl\u00e8te du couvercle.<\/span><\/li>\n<li><span class=\"a-list-item\">Id\u00e9al pour mesurer les m\u00e9dicaments, distribuer des huiles, remplir des cigarettes \u00e9lectroniques, appliquer de la colle pour les arts et l&rsquo;artisanat, et autres liquides.<\/span><\/li>\n<\/ul>\n<p>Nos <strong>Seringues en verre<\/strong> sont le r\u00eave des amateurs de concentr\u00e9s. Verre borosilicate de qualit\u00e9 laboratoire pr\u00e9-st\u00e9rilis\u00e9. Appliquez directement les concentr\u00e9s sur un clou chauff\u00e9.<br \/>\nCe produit est livr\u00e9 en trois pi\u00e8ces d\u00e9mont\u00e9es pour faciliter le traitement et l&rsquo;assemblage.<\/p>\n<p>Vendu avec 3 aiguilles de petite taille \u00e0 bout plat. Compatible avec des aiguilles de calibre 14.<\/p>\n","protected":false},"excerpt":{"rendered":"<p>Seringue en verre borosilicate de 1 ml avec embout Luer Cap. Int\u00e9grant les derni\u00e8res avanc\u00e9es en mati\u00e8re de s\u00e9curit\u00e9 pour enfants, ces seringues applicatrices en verre de 1 ml avec embout Luer Cap sont parfaites pour une utilisation \u00e0 domicile ou professionnelle.<\/p>\n","protected":false},"featured_media":36799,"comment_status":"open","ping_status":"closed","template":"","meta":[],"product_brand":[],"product_cat":[2678],"product_tag":[],"class_list":{"0":"post-36927","1":"product","2":"type-product","3":"status-publish","4":"has-post-thumbnail","6":"product_cat-equipments-fr","7":"yith_product_brand-sans-marque","9":"first","10":"instock","11":"taxable","12":"shipping-taxable","13":"purchasable","14":"product-type-simple"},"_links":{"self":[{"href":"https:\/\/taste-it.ca\/fr\/wp-json\/wp\/v2\/product\/36927","targetHints":{"allow":["GET"]}}],"collection":[{"href":"https:\/\/taste-it.ca\/fr\/wp-json\/wp\/v2\/product"}],"about":[{"href":"https:\/\/taste-it.ca\/fr\/wp-json\/wp\/v2\/types\/product"}],"replies":[{"embeddable":true,"href":"https:\/\/taste-it.ca\/fr\/wp-json\/wp\/v2\/comments?post=36927"}],"wp:featuredmedia":[{"embeddable":true,"href":"https:\/\/taste-it.ca\/fr\/wp-json\/wp\/v2\/media\/36799"}],"wp:attachment":[{"href":"https:\/\/taste-it.ca\/fr\/wp-json\/wp\/v2\/media?parent=36927"}],"wp:term":[{"taxonomy":"product_brand","embeddable":true,"href":"https:\/\/taste-it.ca\/fr\/wp-json\/wp\/v2\/product_brand?post=36927"},{"taxonomy":"product_cat","embeddable":true,"href":"https:\/\/taste-it.ca\/fr\/wp-json\/wp\/v2\/product_cat?post=36927"},{"taxonomy":"product_tag","embeddable":true,"href":"https:\/\/taste-it.ca\/fr\/wp-json\/wp\/v2\/product_tag?post=36927"}],"curies":[{"name":"wp","href":"https:\/\/api.w.org\/{rel}","templated":true}]}}