{"id":36925,"date":"2023-06-14T08:42:52","date_gmt":"2023-06-14T12:42:52","guid":{"rendered":"https:\/\/taste-it.ca\/product\/pipette-compte-gouttes-graduee-en-verre-de-5-ml\/"},"modified":"2026-04-02T07:53:06","modified_gmt":"2026-04-02T11:53:06","slug":"pipette-compte-gouttes-graduee-en-verre-de-5-ml","status":"publish","type":"product","link":"https:\/\/taste-it.ca\/fr\/product\/pipette-compte-gouttes-graduee-en-verre-de-5-ml\/","title":{"rendered":"Pipette compte-gouttes gradu\u00e9e en verre de 5 ml"},"content":{"rendered":"<p>Pipette compte-gouttes gradu\u00e9e en verre de 5 ml avec bouchon en caoutchouc transparent.<br \/>\nLa pipette en verre avec bouchon en caoutchouc est respectueuse de l&rsquo;environnement et non toxique. Elle est \u00e9galement r\u00e9utilisable apr\u00e8s nettoyage et meilleure que la pipette en plastique.<br \/>\nConvient aux laboratoires de test, \u00e0 la chimie, \u00e0 la microbiologie, aux liquides, aux parfums, et bien plus encore.<\/p>\n<p>Mat\u00e9riau : Verre + Caoutchouc<br \/>\nGrande capacit\u00e9 pour recevoir et distribuer des liquides<br \/>\nPipette id\u00e9ale pour les pipettes classiques en verre et en plastique<br \/>\nAdapt\u00e9e au transfert d[&#8230;]s en laboratoire<\/p>\n","protected":false},"excerpt":{"rendered":"<p>Pipette compte-gouttes gradu\u00e9e en verre de 5 ml avec bouchon en caoutchouc transparent.<br \/>\nLa pipette en verre avec bouchon en caoutchouc est respectueuse de l&rsquo;environnement et non toxique. Elle est \u00e9galement r\u00e9utilisable apr\u00e8s nettoyage et meilleure que la pipette en plastique.<\/p>\n","protected":false},"featured_media":36804,"comment_status":"open","ping_status":"closed","template":"","meta":[],"product_brand":[],"product_cat":[2678],"product_tag":[],"class_list":{"0":"post-36925","1":"product","2":"type-product","3":"status-publish","4":"has-post-thumbnail","6":"product_cat-equipments-fr","7":"yith_product_brand-sans-marque","9":"first","10":"instock","11":"taxable","12":"shipping-taxable","13":"purchasable","14":"product-type-simple"},"_links":{"self":[{"href":"https:\/\/taste-it.ca\/fr\/wp-json\/wp\/v2\/product\/36925","targetHints":{"allow":["GET"]}}],"collection":[{"href":"https:\/\/taste-it.ca\/fr\/wp-json\/wp\/v2\/product"}],"about":[{"href":"https:\/\/taste-it.ca\/fr\/wp-json\/wp\/v2\/types\/product"}],"replies":[{"embeddable":true,"href":"https:\/\/taste-it.ca\/fr\/wp-json\/wp\/v2\/comments?post=36925"}],"wp:featuredmedia":[{"embeddable":true,"href":"https:\/\/taste-it.ca\/fr\/wp-json\/wp\/v2\/media\/36804"}],"wp:attachment":[{"href":"https:\/\/taste-it.ca\/fr\/wp-json\/wp\/v2\/media?parent=36925"}],"wp:term":[{"taxonomy":"product_brand","embeddable":true,"href":"https:\/\/taste-it.ca\/fr\/wp-json\/wp\/v2\/product_brand?post=36925"},{"taxonomy":"product_cat","embeddable":true,"href":"https:\/\/taste-it.ca\/fr\/wp-json\/wp\/v2\/product_cat?post=36925"},{"taxonomy":"product_tag","embeddable":true,"href":"https:\/\/taste-it.ca\/fr\/wp-json\/wp\/v2\/product_tag?post=36925"}],"curies":[{"name":"wp","href":"https:\/\/api.w.org\/{rel}","templated":true}]}}