{"id":36923,"date":"2023-06-14T08:54:19","date_gmt":"2023-06-14T12:54:19","guid":{"rendered":"https:\/\/taste-it.ca\/product\/becher-en-plastique-de-100-ml-forme-basse-gradue\/"},"modified":"2023-06-14T08:54:19","modified_gmt":"2023-06-14T12:54:19","slug":"becher-en-plastique-de-100-ml-forme-basse-gradue","status":"publish","type":"product","link":"https:\/\/taste-it.ca\/fr\/product\/becher-en-plastique-de-100-ml-forme-basse-gradue\/","title":{"rendered":"B\u00e9cher en plastique de 100 mL, forme basse, gradu\u00e9"},"content":{"rendered":"<p>B\u00e9cher en plastique, forme basse, gradu\u00e9.<\/p>\n","protected":false},"excerpt":{"rendered":"<p>B\u00e9cher en plastique, forme basse, gradu\u00e9.<\/p>\n","protected":false},"featured_media":37260,"comment_status":"open","ping_status":"closed","template":"","meta":[],"product_brand":[],"product_cat":[2682,2678],"product_tag":[],"class_list":{"0":"post-36923","1":"product","2":"type-product","3":"status-publish","4":"has-post-thumbnail","6":"product_cat-bechers","7":"product_cat-equipments-fr","8":"yith_product_brand-sans-marque","10":"first","11":"instock","12":"taxable","13":"shipping-taxable","14":"purchasable","15":"product-type-simple"},"_links":{"self":[{"href":"https:\/\/taste-it.ca\/fr\/wp-json\/wp\/v2\/product\/36923","targetHints":{"allow":["GET"]}}],"collection":[{"href":"https:\/\/taste-it.ca\/fr\/wp-json\/wp\/v2\/product"}],"about":[{"href":"https:\/\/taste-it.ca\/fr\/wp-json\/wp\/v2\/types\/product"}],"replies":[{"embeddable":true,"href":"https:\/\/taste-it.ca\/fr\/wp-json\/wp\/v2\/comments?post=36923"}],"wp:featuredmedia":[{"embeddable":true,"href":"https:\/\/taste-it.ca\/fr\/wp-json\/wp\/v2\/media\/37260"}],"wp:attachment":[{"href":"https:\/\/taste-it.ca\/fr\/wp-json\/wp\/v2\/media?parent=36923"}],"wp:term":[{"taxonomy":"product_brand","embeddable":true,"href":"https:\/\/taste-it.ca\/fr\/wp-json\/wp\/v2\/product_brand?post=36923"},{"taxonomy":"product_cat","embeddable":true,"href":"https:\/\/taste-it.ca\/fr\/wp-json\/wp\/v2\/product_cat?post=36923"},{"taxonomy":"product_tag","embeddable":true,"href":"https:\/\/taste-it.ca\/fr\/wp-json\/wp\/v2\/product_tag?post=36923"}],"curies":[{"name":"wp","href":"https:\/\/api.w.org\/{rel}","templated":true}]}}