{"id":36917,"date":"2023-06-14T09:20:37","date_gmt":"2023-06-14T13:20:37","guid":{"rendered":"https:\/\/taste-it.ca\/product\/cylindre-gradue-en-verre-borosilicate-avec-base-en-plastique-25-ml\/"},"modified":"2023-06-14T09:20:37","modified_gmt":"2023-06-14T13:20:37","slug":"cylindre-gradue-en-verre-borosilicate-avec-base-en-plastique-25-ml","status":"publish","type":"product","link":"https:\/\/taste-it.ca\/fr\/product\/cylindre-gradue-en-verre-borosilicate-avec-base-en-plastique-25-ml\/","title":{"rendered":"Cylindre gradu\u00e9 en verre borosilicate avec base en plastique &#8211; 25 mL"},"content":{"rendered":"<p><strong>Characteristic of Cylinder Graduated glass Borosilicate round base by Lab Zap<\/strong><\/p>\n<p>Cylinder Graduated glass Borosilicate capacity: 25mL.<br \/>\nHeight: 6.5 inches (165 mm).<br \/>\nInner diameter of the cylinder: 0.78 inches (20 mm).<br \/>\nDiameter of base: 1.875 inches (48 mm).<br \/>\nGraduation: Double scale 23-0 x 0.2 ml, 2-25 x 0.2 ml.<\/p>\n","protected":false},"excerpt":{"rendered":"<p>Cylindre gradu\u00e9 en verre borosilicate avec base hexagonale en plastique. Les cylindres gradu\u00e9s en verre borosilicate avec bec verseur poss\u00e8dent des \u00e9chelles de \u00ab\u00a0contenir\u00a0\u00bb simples. La base hexagonale est une version en plastique d\u00e9tachable. Les bouteilles \u00e0 base en plastique offrent une protection contre les chocs.<\/p>\n","protected":false},"featured_media":37258,"comment_status":"open","ping_status":"closed","template":"","meta":[],"product_brand":[],"product_cat":[2678],"product_tag":[],"class_list":{"0":"post-36917","1":"product","2":"type-product","3":"status-publish","4":"has-post-thumbnail","6":"product_cat-equipments-fr","7":"yith_product_brand-sans-marque","9":"first","10":"instock","11":"taxable","12":"shipping-taxable","13":"purchasable","14":"product-type-simple"},"_links":{"self":[{"href":"https:\/\/taste-it.ca\/fr\/wp-json\/wp\/v2\/product\/36917","targetHints":{"allow":["GET"]}}],"collection":[{"href":"https:\/\/taste-it.ca\/fr\/wp-json\/wp\/v2\/product"}],"about":[{"href":"https:\/\/taste-it.ca\/fr\/wp-json\/wp\/v2\/types\/product"}],"replies":[{"embeddable":true,"href":"https:\/\/taste-it.ca\/fr\/wp-json\/wp\/v2\/comments?post=36917"}],"wp:featuredmedia":[{"embeddable":true,"href":"https:\/\/taste-it.ca\/fr\/wp-json\/wp\/v2\/media\/37258"}],"wp:attachment":[{"href":"https:\/\/taste-it.ca\/fr\/wp-json\/wp\/v2\/media?parent=36917"}],"wp:term":[{"taxonomy":"product_brand","embeddable":true,"href":"https:\/\/taste-it.ca\/fr\/wp-json\/wp\/v2\/product_brand?post=36917"},{"taxonomy":"product_cat","embeddable":true,"href":"https:\/\/taste-it.ca\/fr\/wp-json\/wp\/v2\/product_cat?post=36917"},{"taxonomy":"product_tag","embeddable":true,"href":"https:\/\/taste-it.ca\/fr\/wp-json\/wp\/v2\/product_tag?post=36917"}],"curies":[{"name":"wp","href":"https:\/\/api.w.org\/{rel}","templated":true}]}}