{"id":36913,"date":"2023-06-14T09:34:26","date_gmt":"2023-06-14T13:34:26","guid":{"rendered":"https:\/\/taste-it.ca\/product\/cylindre-gradue-en-verre-borosilicate-avec-base-ronde-50-ml\/"},"modified":"2023-06-14T09:34:26","modified_gmt":"2023-06-14T13:34:26","slug":"cylindre-gradue-en-verre-borosilicate-avec-base-ronde-50-ml","status":"publish","type":"product","link":"https:\/\/taste-it.ca\/fr\/product\/cylindre-gradue-en-verre-borosilicate-avec-base-ronde-50-ml\/","title":{"rendered":"Cylindre gradu\u00e9 en verre borosilicat\u00e9 avec base ronde &#8211; 50 mL"},"content":{"rendered":"<p><strong>Caract\u00e9ristiques du Cylindre Gradu\u00e9 en verre Borosilicate \u00e0 base ronde par Lab Zap<\/strong><\/p>\n<p>Capacit\u00e9 du cylindre : 100 mL<br \/>\nHauteur : 10,25 pouces (260 mm)<br \/>\nDiam\u00e8tre int\u00e9rieur du cylindre : 1,05 pouce (27 mm)<br \/>\nDiam\u00e8tre de la base : 2,5 pouces (64 mm)<br \/>\nGraduation : Double \u00e9chelle 95-0 x 1 ml, 5-100 x 1 ml<\/p>\n","protected":false},"excerpt":{"rendered":"<p>Cylindre gradu\u00e9 en verre borosilicate avec base hexagonale en plastique. Les cylindres gradu\u00e9s en verre borosilicate avec bec verseur poss\u00e8dent des \u00e9chelles de \u00ab\u00a0contenir\u00a0\u00bb simples. La base hexagonale est une version en plastique d\u00e9tachable. Les bouteilles \u00e0 base en plastique offrent une protection contre les chocs.<\/p>\n","protected":false},"featured_media":37256,"comment_status":"open","ping_status":"closed","template":"","meta":[],"product_brand":[],"product_cat":[2678],"product_tag":[],"class_list":{"0":"post-36913","1":"product","2":"type-product","3":"status-publish","4":"has-post-thumbnail","6":"product_cat-equipments-fr","7":"yith_product_brand-sans-marque","9":"first","10":"instock","11":"taxable","12":"shipping-taxable","13":"purchasable","14":"product-type-simple"},"_links":{"self":[{"href":"https:\/\/taste-it.ca\/fr\/wp-json\/wp\/v2\/product\/36913","targetHints":{"allow":["GET"]}}],"collection":[{"href":"https:\/\/taste-it.ca\/fr\/wp-json\/wp\/v2\/product"}],"about":[{"href":"https:\/\/taste-it.ca\/fr\/wp-json\/wp\/v2\/types\/product"}],"replies":[{"embeddable":true,"href":"https:\/\/taste-it.ca\/fr\/wp-json\/wp\/v2\/comments?post=36913"}],"wp:featuredmedia":[{"embeddable":true,"href":"https:\/\/taste-it.ca\/fr\/wp-json\/wp\/v2\/media\/37256"}],"wp:attachment":[{"href":"https:\/\/taste-it.ca\/fr\/wp-json\/wp\/v2\/media?parent=36913"}],"wp:term":[{"taxonomy":"product_brand","embeddable":true,"href":"https:\/\/taste-it.ca\/fr\/wp-json\/wp\/v2\/product_brand?post=36913"},{"taxonomy":"product_cat","embeddable":true,"href":"https:\/\/taste-it.ca\/fr\/wp-json\/wp\/v2\/product_cat?post=36913"},{"taxonomy":"product_tag","embeddable":true,"href":"https:\/\/taste-it.ca\/fr\/wp-json\/wp\/v2\/product_tag?post=36913"}],"curies":[{"name":"wp","href":"https:\/\/api.w.org\/{rel}","templated":true}]}}