{"id":36912,"date":"2023-06-14T09:51:58","date_gmt":"2023-06-14T13:51:58","guid":{"rendered":"https:\/\/taste-it.ca\/product\/entonnoir\/"},"modified":"2023-06-14T09:51:58","modified_gmt":"2023-06-14T13:51:58","slug":"entonnoir","status":"publish","type":"product","link":"https:\/\/taste-it.ca\/fr\/product\/entonnoir\/","title":{"rendered":"Entonnoir"},"content":{"rendered":"<p>Entonnoir avec un diam\u00e8tre int\u00e9rieur de 0,3 pouce et un diam\u00e8tre ext\u00e9rieur de 0,5 pouce.<\/p>\n<p>Utilis\u00e9 pour faciliter la manipulation des additifs liquides concentr\u00e9s et des ar\u00f4mes de base.<\/p>\n<p>Vendu \u00e0 l&rsquo;unit\u00e9.<\/p>\n<p>Diam\u00e8tre : \u00d80,3&Prime; (\u00e0 l&rsquo;int\u00e9rieur)<br \/>\nMat\u00e9riau : PET<\/p>\n","protected":false},"excerpt":{"rendered":"<p>Entonnoir<\/p>\n","protected":false},"featured_media":36829,"comment_status":"open","ping_status":"closed","template":"","meta":[],"product_brand":[],"product_cat":[2678],"product_tag":[],"class_list":{"0":"post-36912","1":"product","2":"type-product","3":"status-publish","4":"has-post-thumbnail","6":"product_cat-equipments-fr","7":"yith_product_brand-sans-marque","9":"first","10":"instock","11":"taxable","12":"shipping-taxable","13":"purchasable","14":"product-type-simple"},"_links":{"self":[{"href":"https:\/\/taste-it.ca\/fr\/wp-json\/wp\/v2\/product\/36912","targetHints":{"allow":["GET"]}}],"collection":[{"href":"https:\/\/taste-it.ca\/fr\/wp-json\/wp\/v2\/product"}],"about":[{"href":"https:\/\/taste-it.ca\/fr\/wp-json\/wp\/v2\/types\/product"}],"replies":[{"embeddable":true,"href":"https:\/\/taste-it.ca\/fr\/wp-json\/wp\/v2\/comments?post=36912"}],"wp:featuredmedia":[{"embeddable":true,"href":"https:\/\/taste-it.ca\/fr\/wp-json\/wp\/v2\/media\/36829"}],"wp:attachment":[{"href":"https:\/\/taste-it.ca\/fr\/wp-json\/wp\/v2\/media?parent=36912"}],"wp:term":[{"taxonomy":"product_brand","embeddable":true,"href":"https:\/\/taste-it.ca\/fr\/wp-json\/wp\/v2\/product_brand?post=36912"},{"taxonomy":"product_cat","embeddable":true,"href":"https:\/\/taste-it.ca\/fr\/wp-json\/wp\/v2\/product_cat?post=36912"},{"taxonomy":"product_tag","embeddable":true,"href":"https:\/\/taste-it.ca\/fr\/wp-json\/wp\/v2\/product_tag?post=36912"}],"curies":[{"name":"wp","href":"https:\/\/api.w.org\/{rel}","templated":true}]}}