{"id":36908,"date":"2023-06-14T10:07:47","date_gmt":"2023-06-14T14:07:47","guid":{"rendered":"https:\/\/taste-it.ca\/product\/cylindre-gradue-en-propylene-50-ml\/"},"modified":"2023-06-14T10:07:47","modified_gmt":"2023-06-14T14:07:47","slug":"cylindre-gradue-en-propylene-50-ml","status":"publish","type":"product","link":"https:\/\/taste-it.ca\/fr\/product\/cylindre-gradue-en-propylene-50-ml\/","title":{"rendered":"Cylindre gradu\u00e9 en propyl\u00e8ne &#8211; 50 mL"},"content":{"rendered":"<p>Le cylindre gradu\u00e9 en polypropyl\u00e8ne poss\u00e8de une \u00e9chelle unique avec des num\u00e9ros en relief pour une lecture facile. Le rebord sup\u00e9rieur \u00e9vas\u00e9 et le large bec facilitent le versement, et sa base en forme d&rsquo;hexagone assure une bonne stabilit\u00e9. R\u00e9sistant aux produits chimiques et autoclavable \u00e0 121\u00b0C (250\u00b0F). Translucide.<\/p>\n","protected":false},"excerpt":{"rendered":"<p>Cylindres gradu\u00e9s avec une \u00e9chelle gradu\u00e9e en relief.<\/p>\n","protected":false},"featured_media":37254,"comment_status":"open","ping_status":"closed","template":"","meta":[],"product_brand":[],"product_cat":[2678],"product_tag":[],"class_list":{"0":"post-36908","1":"product","2":"type-product","3":"status-publish","4":"has-post-thumbnail","6":"product_cat-equipments-fr","7":"yith_product_brand-sans-marque","9":"first","10":"instock","11":"taxable","12":"shipping-taxable","13":"purchasable","14":"product-type-simple"},"_links":{"self":[{"href":"https:\/\/taste-it.ca\/fr\/wp-json\/wp\/v2\/product\/36908","targetHints":{"allow":["GET"]}}],"collection":[{"href":"https:\/\/taste-it.ca\/fr\/wp-json\/wp\/v2\/product"}],"about":[{"href":"https:\/\/taste-it.ca\/fr\/wp-json\/wp\/v2\/types\/product"}],"replies":[{"embeddable":true,"href":"https:\/\/taste-it.ca\/fr\/wp-json\/wp\/v2\/comments?post=36908"}],"wp:featuredmedia":[{"embeddable":true,"href":"https:\/\/taste-it.ca\/fr\/wp-json\/wp\/v2\/media\/37254"}],"wp:attachment":[{"href":"https:\/\/taste-it.ca\/fr\/wp-json\/wp\/v2\/media?parent=36908"}],"wp:term":[{"taxonomy":"product_brand","embeddable":true,"href":"https:\/\/taste-it.ca\/fr\/wp-json\/wp\/v2\/product_brand?post=36908"},{"taxonomy":"product_cat","embeddable":true,"href":"https:\/\/taste-it.ca\/fr\/wp-json\/wp\/v2\/product_cat?post=36908"},{"taxonomy":"product_tag","embeddable":true,"href":"https:\/\/taste-it.ca\/fr\/wp-json\/wp\/v2\/product_tag?post=36908"}],"curies":[{"name":"wp","href":"https:\/\/api.w.org\/{rel}","templated":true}]}}