{"id":36905,"date":"2023-06-14T10:20:28","date_gmt":"2023-06-14T14:20:28","guid":{"rendered":"https:\/\/taste-it.ca\/product\/becher-en-verre-a-forme-basse-avec-graduation-250-ml\/"},"modified":"2023-06-14T10:20:28","modified_gmt":"2023-06-14T14:20:28","slug":"becher-en-verre-a-forme-basse-avec-graduation-250-ml","status":"publish","type":"product","link":"https:\/\/taste-it.ca\/fr\/product\/becher-en-verre-a-forme-basse-avec-graduation-250-ml\/","title":{"rendered":"B\u00e9cher en verre \u00e0 forme basse avec graduation &#8211; 250 mL."},"content":{"rendered":"<p>B\u00e9cher en verre \u00e0 forme basse avec graduation.<\/p>\n","protected":false},"excerpt":{"rendered":"<p>B\u00e9cher en verre \u00e0 forme basse avec graduation.<\/p>\n","protected":false},"featured_media":36896,"comment_status":"open","ping_status":"closed","template":"","meta":[],"product_brand":[],"product_cat":[2682,2678],"product_tag":[],"class_list":{"0":"post-36905","1":"product","2":"type-product","3":"status-publish","4":"has-post-thumbnail","6":"product_cat-bechers","7":"product_cat-equipments-fr","8":"yith_product_brand-sans-marque","10":"first","11":"instock","12":"taxable","13":"shipping-taxable","14":"purchasable","15":"product-type-simple"},"_links":{"self":[{"href":"https:\/\/taste-it.ca\/fr\/wp-json\/wp\/v2\/product\/36905","targetHints":{"allow":["GET"]}}],"collection":[{"href":"https:\/\/taste-it.ca\/fr\/wp-json\/wp\/v2\/product"}],"about":[{"href":"https:\/\/taste-it.ca\/fr\/wp-json\/wp\/v2\/types\/product"}],"replies":[{"embeddable":true,"href":"https:\/\/taste-it.ca\/fr\/wp-json\/wp\/v2\/comments?post=36905"}],"wp:featuredmedia":[{"embeddable":true,"href":"https:\/\/taste-it.ca\/fr\/wp-json\/wp\/v2\/media\/36896"}],"wp:attachment":[{"href":"https:\/\/taste-it.ca\/fr\/wp-json\/wp\/v2\/media?parent=36905"}],"wp:term":[{"taxonomy":"product_brand","embeddable":true,"href":"https:\/\/taste-it.ca\/fr\/wp-json\/wp\/v2\/product_brand?post=36905"},{"taxonomy":"product_cat","embeddable":true,"href":"https:\/\/taste-it.ca\/fr\/wp-json\/wp\/v2\/product_cat?post=36905"},{"taxonomy":"product_tag","embeddable":true,"href":"https:\/\/taste-it.ca\/fr\/wp-json\/wp\/v2\/product_tag?post=36905"}],"curies":[{"name":"wp","href":"https:\/\/api.w.org\/{rel}","templated":true}]}}