{"id":36903,"date":"2023-06-14T10:31:08","date_gmt":"2023-06-14T14:31:08","guid":{"rendered":"https:\/\/taste-it.ca\/product\/seringue-10ml\/"},"modified":"2023-06-14T10:31:08","modified_gmt":"2023-06-14T14:31:08","slug":"seringue-10ml","status":"publish","type":"product","link":"https:\/\/taste-it.ca\/fr\/product\/seringue-10ml\/","title":{"rendered":"Seringue &#8211; 10mL"},"content":{"rendered":"<p>Parfait pour doser vos liquides lors de vos pr\u00e9parations DIY, cette seringue est l&rsquo;outil id\u00e9al pour r\u00e9aliser vos m\u00e9langes pr\u00e9f\u00e9r\u00e9s !<\/p>\n<p>Vendue \u00e0 l&rsquo;unit\u00e9.<\/p>\n","protected":false},"excerpt":{"rendered":"<p>Seringue gradu\u00e9e<\/p>\n","protected":false},"featured_media":36882,"comment_status":"open","ping_status":"closed","template":"","meta":[],"product_brand":[],"product_cat":[2678],"product_tag":[],"class_list":{"0":"post-36903","1":"product","2":"type-product","3":"status-publish","4":"has-post-thumbnail","6":"product_cat-equipments-fr","7":"yith_product_brand-sans-marque","9":"first","10":"instock","11":"taxable","12":"shipping-taxable","13":"purchasable","14":"product-type-simple"},"_links":{"self":[{"href":"https:\/\/taste-it.ca\/fr\/wp-json\/wp\/v2\/product\/36903","targetHints":{"allow":["GET"]}}],"collection":[{"href":"https:\/\/taste-it.ca\/fr\/wp-json\/wp\/v2\/product"}],"about":[{"href":"https:\/\/taste-it.ca\/fr\/wp-json\/wp\/v2\/types\/product"}],"replies":[{"embeddable":true,"href":"https:\/\/taste-it.ca\/fr\/wp-json\/wp\/v2\/comments?post=36903"}],"wp:featuredmedia":[{"embeddable":true,"href":"https:\/\/taste-it.ca\/fr\/wp-json\/wp\/v2\/media\/36882"}],"wp:attachment":[{"href":"https:\/\/taste-it.ca\/fr\/wp-json\/wp\/v2\/media?parent=36903"}],"wp:term":[{"taxonomy":"product_brand","embeddable":true,"href":"https:\/\/taste-it.ca\/fr\/wp-json\/wp\/v2\/product_brand?post=36903"},{"taxonomy":"product_cat","embeddable":true,"href":"https:\/\/taste-it.ca\/fr\/wp-json\/wp\/v2\/product_cat?post=36903"},{"taxonomy":"product_tag","embeddable":true,"href":"https:\/\/taste-it.ca\/fr\/wp-json\/wp\/v2\/product_tag?post=36903"}],"curies":[{"name":"wp","href":"https:\/\/api.w.org\/{rel}","templated":true}]}}